{"id":4334,"date":"2026-05-05T15:43:49","date_gmt":"2026-05-05T14:43:49","guid":{"rendered":"https:\/\/www.montmerac.fr\/?page_id=4334"},"modified":"2026-05-05T17:48:37","modified_gmt":"2026-05-05T16:48:37","slug":"lieux-et-curiosites","status":"publish","type":"page","link":"https:\/\/www.montmerac.fr\/?page_id=4334","title":{"rendered":"Lieux et curiosit\u00e9s"},"content":{"rendered":"\n<p class=\"has-text-align-center has-text-color has-link-color has-large-font-size wp-elements-5500297ae1194fc0309aca7d423cce4a\" style=\"color:#7d2525\"><strong>Ch\u00e2teau de Montchaude<\/strong><\/p>\n\n\n\n<figure class=\"wp-block-image aligncenter size-full is-resized\"><img loading=\"lazy\" decoding=\"async\" width=\"199\" height=\"150\" src=\"https:\/\/www.montmerac.fr\/wp-content\/uploads\/2017\/09\/bd41a8_2757fd8ca40a412b895d3fcf4bb56fd3mv2.png\" alt=\"\" class=\"wp-image-2529\" style=\"width:292px;height:auto\"\/><\/figure>\n\n\n\n<p class=\"has-border-color has-white-border-color has-medium-font-size\" style=\"border-width:10px;line-height:1.6\">Ch\u00e2teau de la&nbsp;renaissance tr\u00e8s remani\u00e9 au&nbsp;XIX&nbsp;e&nbsp;si\u00e8cle&nbsp;situ\u00e9 \u00e0&nbsp;Montchaude&nbsp;, commune de Montmerac en&nbsp;Charente. <br>La terre de Montchaude a appartenu \u00e0 des seigneurs de la maison de Barbezieux puis aux Saint-Gelais. Arnaud de Montchaude est cit\u00e9 dans le&nbsp;cartulaire&nbsp;de Baignes vers 1075&nbsp;et Hugues de Montchaude donne pour dot Vibrac \u00e0 sa fille Jovide au d\u00e9but du&nbsp;XIV e&nbsp;si\u00e8cle. Pour certains, le ch\u00e2teau a \u00e9t\u00e9 construit au milieu du XVI e si\u00e8cle&nbsp;par les Bouchards, pour d&rsquo;autres \u00e0 la fin du&nbsp;xvie&nbsp;si\u00e8cle, pour les Saint-Gelais, peut-\u00eatre par le m\u00eame architecte que le&nbsp;ch\u00e2teau de La Rochefoucauld, Antoine Fontan. Il \u00e9tait alors entour\u00e9 de douves. <br>Les Saint-Gelais ont gard\u00e9 Montchaude du milieu du&nbsp;XVI e si\u00e8cle&nbsp;\u00e0 1732 date de la mort de Jean de Saint-Gelais qui a deux filles. Il passe en plusieurs mains par h\u00e9ritage et par vente.&nbsp;Louis-Eug\u00e8ne Arnous, d\u00e9put\u00e9 de Barbezieux l&rsquo;ach\u00e8te en 1889 qui entreprend un important remaniement sous la direction des architectes Edouard Warin, puis de Raymond Barbaud. Il est achet\u00e9 en 1986 par&nbsp;Fahd bin Mahmoud al Sa\u00efd&nbsp;(en), vice premier ministre du&nbsp;Sultanat d&rsquo;Oman, cousin direct de Qabus ibn Sa\u00efd, sultan d&rsquo;Oman6.<\/p>\n\n\n\n<p class=\"has-text-align-center\">_______________________________________<\/p>\n\n\n\n<p class=\"has-text-align-center has-text-color has-link-color has-large-font-size wp-elements-fb446780ad9a10718d6e6b1a64945a71\" style=\"color:#772a2a\"><strong>Saint Mathurin<\/strong><\/p>\n\n\n\n<figure class=\"wp-block-image aligncenter size-large is-resized\"><img loading=\"lazy\" decoding=\"async\" width=\"763\" height=\"1024\" src=\"https:\/\/www.montmerac.fr\/wp-content\/uploads\/2017\/07\/St-Mathurin-763x1024.jpg\" alt=\"\" class=\"wp-image-3785\" style=\"aspect-ratio:0.7451124144672532;width:223px;height:auto\" srcset=\"https:\/\/www.montmerac.fr\/wp-content\/uploads\/2017\/07\/St-Mathurin-763x1024.jpg 763w, https:\/\/www.montmerac.fr\/wp-content\/uploads\/2017\/07\/St-Mathurin-224x300.jpg 224w, https:\/\/www.montmerac.fr\/wp-content\/uploads\/2017\/07\/St-Mathurin-768x1031.jpg 768w, https:\/\/www.montmerac.fr\/wp-content\/uploads\/2017\/07\/St-Mathurin-600x805.jpg 600w, https:\/\/www.montmerac.fr\/wp-content\/uploads\/2017\/07\/St-Mathurin.jpg 962w\" sizes=\"auto, (max-width: 763px) 100vw, 763px\" \/><\/figure>\n\n\n\n<p class=\"has-border-color has-white-border-color has-medium-font-size\" style=\"border-width:12px;line-height:1.6\">L&rsquo;histoire de Saint Mathurin \u00e0 Montchaude est li\u00e9e \u00e0 un saint chr\u00e9tien du Ve si\u00e8cle, Mathurin. Il est souvent associ\u00e9 \u00e0 des lieux de p\u00e8lerinage.<\/p>\n\n\n\n<p class=\"has-border-color has-white-border-color has-medium-font-size\" style=\"border-width:12px;line-height:1.6\">Selon la tradition, Saint Mathurin \u00e9tait un ermite chr\u00e9tien, n\u00e9 \u00e0 Auxerre, dans l&rsquo;actuelle Bourgogne. Il est souvent repr\u00e9sent\u00e9 comme un gu\u00e9risseur et un thaumaturge, c&rsquo;est-\u00e0-dire capable de r\u00e9aliser des miracles. Il est r\u00e9put\u00e9 pour sa bont\u00e9, son d\u00e9vouement et ses pouvoirs de gu\u00e9rison, particuli\u00e8rement aupr\u00e8s des malades mentaux et des poss\u00e9d\u00e9s. Il mourut dans le sud de la France, mais son culte se r\u00e9pandit largement \u00e0 travers l&rsquo;Hexagone.<br>La chapelle de Montchaude est un des points importants de ce culte, avec des visiteurs qui viennent y prier, notamment pour demander la gu\u00e9rison des maladies physiques et mentales.<br>Le saint est aussi connu pour avoir \u00e9t\u00e9 un protecteur des enfants et des personnes vuln\u00e9rables. L&rsquo;impact de son culte \u00e0 Montchaude, ainsi que dans d&rsquo;autres r\u00e9gions, t\u00e9moigne de la long\u00e9vit\u00e9 de sa r\u00e9putation et de l&rsquo;importance de la d\u00e9votion \u00e0 ce saint, m\u00eame des si\u00e8cles apr\u00e8s sa mort.<br>Aujourd&rsquo;hui, la chapelle Saint Mathurin de Montchaude reste un lieu de recueillement et de pri\u00e8re pour ceux qui cherchent des gu\u00e9risons spirituelles et physiques, perp\u00e9tuant ainsi la m\u00e9moire de ce saint de l&rsquo;Antiquit\u00e9 chr\u00e9tienne.<br>Une vraie chapelle existait au moyen-\u00e2ge en ce lieu, pr\u00e8s de la route de Reignac. La f\u00eate de ce saint \u00e9tait c\u00e9l\u00e9br\u00e9e autrefois le 10 Novembre, puis le 10 Mai.<br>Sous l\u2019abri actuel se trouverait le tombeau de Saint Mathurin, mais aucune fouille ne fut jamais faite.<\/p>\n\n\n\n<p class=\"has-text-align-center has-border-color has-white-border-color\" style=\"border-width:12px;line-height:1.6\">_______________________________________<\/p>\n\n\n\n<p class=\"has-text-align-center has-text-color has-link-color has-large-font-size wp-elements-ae41a5cece0000ea003a71c8fab3b0e5\" style=\"color:#773131\"><strong>L&rsquo; Etang de la Vergne<\/strong><\/p>\n\n\n\n<figure class=\"wp-block-image aligncenter is-resized\"><img loading=\"lazy\" decoding=\"async\" width=\"95\" height=\"140\" src=\"https:\/\/www.montmerac.fr\/\/wp-content\/uploads\/2017\/09\/bd41a8_e162614c7bf34680ba8365f26f91c506mv2_d_1314_1940_s_2.jpg\" alt=\"\" class=\"wp-image-2531\" style=\"width:130px;height:auto\"\/><\/figure>\n\n\n\n<p class=\"has-border-color has-white-border-color has-medium-font-size\" style=\"border-width:13px\">l&rsquo;Etang de Vergne offre une baignade non surveill\u00e9e, ouverte du 1er juin au 31 ao\u00fbt. En 2011, c&rsquo;est l&rsquo;un des 17 lieux de baignade agr\u00e9\u00e9s du d\u00e9partement. Propri\u00e9t\u00e9 communale, la p\u00eache y est interdite.<\/p>\n\n\n\n<p class=\"has-text-align-center\">_______________________________________<\/p>\n\n\n\n<p><\/p>\n\n\n\n<p class=\"has-text-align-center has-text-color has-link-color has-large-font-size wp-elements-df459638880528db8ed9b6787d6d7b23\" style=\"color:#772a2a\"><strong>Laperousia<\/strong><\/p>\n\n\n\n<figure class=\"wp-block-image aligncenter size-large is-resized\"><a href=\"https:\/\/www.montmerac.fr\/?page_id=3654\"><img loading=\"lazy\" decoding=\"async\" width=\"768\" height=\"1024\" src=\"https:\/\/www.montmerac.fr\/wp-content\/uploads\/2024\/04\/IMG_5914-768x1024.jpeg\" alt=\"\" class=\"wp-image-3663\" style=\"aspect-ratio:0.750004730458476;width:161px;height:auto\" srcset=\"https:\/\/www.montmerac.fr\/wp-content\/uploads\/2024\/04\/IMG_5914-768x1024.jpeg 768w, https:\/\/www.montmerac.fr\/wp-content\/uploads\/2024\/04\/IMG_5914-225x300.jpeg 225w, https:\/\/www.montmerac.fr\/wp-content\/uploads\/2024\/04\/IMG_5914-600x800.jpeg 600w\" sizes=\"auto, (max-width: 768px) 100vw, 768px\" \/><\/a><\/figure>\n\n\n\n<p class=\"has-text-align-center has-medium-font-size\"><em><a href=\"https:\/\/www.montmerac.fr\/?page_id=3654\">Vers la page d\u00e9di\u00e9e<\/a><\/em><\/p>\n\n\n\n<p class=\"has-text-align-center\">_______________________________________<\/p>\n\n\n\n<p><\/p>\n\n\n\n<p class=\"has-text-align-center has-text-color has-link-color has-large-font-size wp-elements-63082254f9e0b81901889154c62ab9d9\" style=\"color:#772a2a\"><strong>Les Rudistes de Lam\u00e9rac<\/strong><\/p>\n\n\n\n<details class=\"wp-block-details is-layout-flow wp-block-details-is-layout-flow\"><summary><\/summary>\n<figure class=\"wp-block-image aligncenter is-resized\"><img loading=\"lazy\" decoding=\"async\" width=\"171\" height=\"128\" src=\"https:\/\/www.montmerac.fr\/\/wp-content\/uploads\/2017\/09\/bd41a8_4cd348c6caca410dad28c43d85be2a4dmv2.png\" alt=\"\" class=\"wp-image-2532\" style=\"aspect-ratio:1.335959038991729;width:313px;height:auto\"\/><\/figure>\n<\/details>\n\n\n\n<p class=\"has-border-color has-white-border-color has-black-color has-text-color has-link-color has-medium-font-size wp-elements-f79c3cb4c8a3ceb6b6880d3a5605e4ed\" style=\"border-width:10px;margin-top:0;margin-right:var(--wp--preset--spacing--20);margin-bottom:0;margin-left:var(--wp--preset--spacing--20);line-height:1.6\">Le hameau de Ph\u00e9lipaud a la particularit\u00e9 d&rsquo;avoir des murs construits en&nbsp;<a href=\"https:\/\/fr.m.wikipedia.org\/wiki\/Rudiste\" target=\"_blank\" rel=\"noreferrer noopener\">rudistes<\/a>&nbsp;fossiles du Campanien; on y trouve en particulier&nbsp;Hippurites radiosus&nbsp;et&nbsp;Lapeirousia jouannet<br>Les rudistes ou Hippuritoida forment un ordre de mollusques marins fix\u00e9s, ayant v\u00e9cu durant l&rsquo;\u00e8re M\u00e9sozo\u00efque. Ils appartiennent aux bivalves, \u00e0 coquille longue et \u00e9paisse.<br>Ils sont caract\u00e9ris\u00e9s par une forte asym\u00e9trie entre les valves.<br>Les rudistes sont des mollusques bivalves fossiles assez particuliers. Leur forme est assez d\u00e9riv\u00e9e et les deux valves sont, pour les formes \u00ab\u00a0\u00e9volu\u00e9es\u00a0\u00bb tr\u00e8s diff\u00e9rentes. Ils \u00e9taient importants parce qu&rsquo;ils participaient \u00e0 ce qu&rsquo;on appelle des biohermes (c&rsquo;est comme un r\u00e9cif sauf que c&rsquo;est plus plat&#8230; Ouais c&rsquo;est \u00e0 peu pr\u00e8s pareil mais c&rsquo;est une amie g\u00e9ologue qui a insist\u00e9, ils ont un sacr\u00e9 jargon, nous les biologistes c&rsquo;est bien plus simple), donc ils avaient un r\u00f4le \u00e9cologique plus ou moins proche des coraux actuels. Ils ont tous disparus aujourd&rsquo;hui.<\/p>\n\n\n\n<p class=\"has-text-align-center\">_______________________________________<\/p>\n\n\n\n<p><\/p>\n\n\n\n<p class=\"has-text-align-center has-text-color has-link-color has-large-font-size wp-elements-78272174b2c6113ae57f9d85ed35397d\" style=\"color:#772a2a\"><strong>L&rsquo;\u00e9glise de Montchaude<\/strong><\/p>\n\n\n\n<figure class=\"wp-block-image aligncenter size-full is-resized\"><img loading=\"lazy\" decoding=\"async\" width=\"209\" height=\"209\" src=\"https:\/\/www.montmerac.fr\/wp-content\/uploads\/2017\/07\/bd41a8_01d98457e77948f3b533076b9a6565d7mv2.png\" alt=\"\" class=\"wp-image-2428\" style=\"width:273px;height:auto\" srcset=\"https:\/\/www.montmerac.fr\/wp-content\/uploads\/2017\/07\/bd41a8_01d98457e77948f3b533076b9a6565d7mv2.png 209w, https:\/\/www.montmerac.fr\/wp-content\/uploads\/2017\/07\/bd41a8_01d98457e77948f3b533076b9a6565d7mv2-150x150.png 150w, https:\/\/www.montmerac.fr\/wp-content\/uploads\/2017\/07\/bd41a8_01d98457e77948f3b533076b9a6565d7mv2-80x80.png 80w\" sizes=\"auto, (max-width: 209px) 100vw, 209px\" \/><\/figure>\n\n\n\n<p class=\"has-border-color has-white-border-color has-medium-font-size\" style=\"border-width:12px;line-height:1.6\">L\u2019ancienne \u00e9glise qui se trouvait proche du ch\u00e2teau datait du XII\u00e8me si\u00e8cle. Jusqu\u2019au 19\u00e8me si\u00e8cle on pouvait admirer le porche de cette \u00e9glise, mais un propri\u00e9taire eu la mauvaise id\u00e9e de faire raser ce qui en restait. Apr\u00e8s un change de terrains entre a commune et le propri\u00e9taire du ch\u00e2teau, une nouvelle \u00e9glise fut construite entre 1895 et 1898. Apr\u00e8s une tentative initi\u00e9e par la Comtesse de Laurencie Charras, cette construction a \u00e9t\u00e9 financ\u00e9e en partie par le propri\u00e9taire du ch\u00e2teau, Monsieur ARNOUS et a cout\u00e9 la somme de 38 095 francs. La cloche qui sonne actuellement est celle de l\u2019ancienne \u00e9glise.<\/p>\n\n\n\n<p class=\"has-text-align-center\">_______________________________________<\/p>\n\n\n\n<p class=\"has-text-align-center has-text-color has-link-color has-large-font-size wp-elements-8a3378ce180f484d347f8590d311a8a1\" style=\"color:#772a2a\"><strong>L&rsquo;\u00e9glise de Lam\u00e9rac<\/strong><\/p>\n\n\n\n<figure class=\"wp-block-image aligncenter size-full is-resized\"><img loading=\"lazy\" decoding=\"async\" width=\"201\" height=\"151\" src=\"https:\/\/www.montmerac.fr\/wp-content\/uploads\/2017\/07\/lamerac.jpg\" alt=\"\" class=\"wp-image-2433\" style=\"width:326px;height:auto\"\/><\/figure>\n\n\n\n<p class=\"has-border-color has-white-border-color has-medium-font-size\" style=\"border-width:6px;line-height:1.6\">\u200bL\u2019Eglise paroissiale Saint Saturnin \u00e9tait un ancien prieur\u00e9 de B\u00e9n\u00e9dictions. L\u2019\u00e9difice a \u00e9t\u00e9 construit au XII et XIII\u00e8me si\u00e8cles et restaur\u00e9 au XIX\u00e8me si\u00e8cle.<\/p>\n\n\n\n<p class=\"has-text-align-center\">_______________________________________<\/p>\n","protected":false},"excerpt":{"rendered":"<p>Ch\u00e2teau de Montchaude Ch\u00e2teau de la&nbsp;renaissance tr\u00e8s remani\u00e9 au&nbsp;XIX&nbsp;e&nbsp;si\u00e8cle&nbsp;situ\u00e9 \u00e0&nbsp;Montchaude&nbsp;, commune de Montmerac en&nbsp;Charente. La terre de Montchaude a appartenu \u00e0 des seigneurs de la maison de Barbezieux puis aux Saint-Gelais. Arnaud de Montchaude est cit\u00e9 dans le&nbsp;cartulaire&nbsp;de Baignes vers<\/p>\n","protected":false},"author":6,"featured_media":0,"parent":0,"menu_order":0,"comment_status":"closed","ping_status":"closed","template":"","meta":{"ngg_post_thumbnail":0,"footnotes":""},"class_list":["post-4334","page","type-page","status-publish","hentry"],"yoast_head":"<!-- This site is optimized with the Yoast SEO plugin v27.4 - https:\/\/yoast.com\/product\/yoast-seo-wordpress\/ -->\n<title>Lieux et curiosit\u00e9s - Montm\u00e9rac<\/title>\n<meta name=\"robots\" content=\"index, follow, max-snippet:-1, max-image-preview:large, max-video-preview:-1\" \/>\n<link rel=\"canonical\" href=\"https:\/\/www.montmerac.fr\/?page_id=4334\" \/>\n<meta property=\"og:locale\" content=\"fr_FR\" \/>\n<meta property=\"og:type\" content=\"article\" \/>\n<meta property=\"og:title\" content=\"Lieux et curiosit\u00e9s - Montm\u00e9rac\" \/>\n<meta property=\"og:description\" content=\"Ch\u00e2teau de Montchaude Ch\u00e2teau de la&nbsp;renaissance tr\u00e8s remani\u00e9 au&nbsp;XIX&nbsp;e&nbsp;si\u00e8cle&nbsp;situ\u00e9 \u00e0&nbsp;Montchaude&nbsp;, commune de Montmerac en&nbsp;Charente. La terre de Montchaude a appartenu \u00e0 des seigneurs de la maison de Barbezieux puis aux Saint-Gelais. Arnaud de Montchaude est cit\u00e9 dans le&nbsp;cartulaire&nbsp;de Baignes vers\" \/>\n<meta property=\"og:url\" content=\"https:\/\/www.montmerac.fr\/?page_id=4334\" \/>\n<meta property=\"og:site_name\" content=\"Montm\u00e9rac\" \/>\n<meta property=\"article:modified_time\" content=\"2026-05-05T16:48:37+00:00\" \/>\n<meta property=\"og:image\" content=\"https:\/\/www.montmerac.fr\/wp-content\/uploads\/2017\/09\/bd41a8_2757fd8ca40a412b895d3fcf4bb56fd3mv2.png\" \/>\n\t<meta property=\"og:image:width\" content=\"199\" \/>\n\t<meta property=\"og:image:height\" content=\"150\" \/>\n\t<meta property=\"og:image:type\" content=\"image\/png\" \/>\n<meta name=\"twitter:card\" content=\"summary_large_image\" \/>\n<meta name=\"twitter:label1\" content=\"Dur\u00e9e de lecture estim\u00e9e\" \/>\n\t<meta name=\"twitter:data1\" content=\"6 minutes\" \/>\n<script type=\"application\/ld+json\" class=\"yoast-schema-graph\">{\"@context\":\"https:\\\/\\\/schema.org\",\"@graph\":[{\"@type\":\"WebPage\",\"@id\":\"https:\\\/\\\/www.montmerac.fr\\\/?page_id=4334\",\"url\":\"https:\\\/\\\/www.montmerac.fr\\\/?page_id=4334\",\"name\":\"Lieux et curiosit\u00e9s - Montm\u00e9rac\",\"isPartOf\":{\"@id\":\"https:\\\/\\\/www.montmerac.fr\\\/#website\"},\"primaryImageOfPage\":{\"@id\":\"https:\\\/\\\/www.montmerac.fr\\\/?page_id=4334#primaryimage\"},\"image\":{\"@id\":\"https:\\\/\\\/www.montmerac.fr\\\/?page_id=4334#primaryimage\"},\"thumbnailUrl\":\"https:\\\/\\\/www.montmerac.fr\\\/wp-content\\\/uploads\\\/2017\\\/09\\\/bd41a8_2757fd8ca40a412b895d3fcf4bb56fd3mv2.png\",\"datePublished\":\"2026-05-05T14:43:49+00:00\",\"dateModified\":\"2026-05-05T16:48:37+00:00\",\"breadcrumb\":{\"@id\":\"https:\\\/\\\/www.montmerac.fr\\\/?page_id=4334#breadcrumb\"},\"inLanguage\":\"fr-FR\",\"potentialAction\":[{\"@type\":\"ReadAction\",\"target\":[\"https:\\\/\\\/www.montmerac.fr\\\/?page_id=4334\"]}]},{\"@type\":\"ImageObject\",\"inLanguage\":\"fr-FR\",\"@id\":\"https:\\\/\\\/www.montmerac.fr\\\/?page_id=4334#primaryimage\",\"url\":\"https:\\\/\\\/www.montmerac.fr\\\/wp-content\\\/uploads\\\/2017\\\/09\\\/bd41a8_2757fd8ca40a412b895d3fcf4bb56fd3mv2.png\",\"contentUrl\":\"https:\\\/\\\/www.montmerac.fr\\\/wp-content\\\/uploads\\\/2017\\\/09\\\/bd41a8_2757fd8ca40a412b895d3fcf4bb56fd3mv2.png\",\"width\":199,\"height\":150},{\"@type\":\"BreadcrumbList\",\"@id\":\"https:\\\/\\\/www.montmerac.fr\\\/?page_id=4334#breadcrumb\",\"itemListElement\":[{\"@type\":\"ListItem\",\"position\":1,\"name\":\"Accueil\",\"item\":\"https:\\\/\\\/www.montmerac.fr\\\/\"},{\"@type\":\"ListItem\",\"position\":2,\"name\":\"Lieux et curiosit\u00e9s\"}]},{\"@type\":\"WebSite\",\"@id\":\"https:\\\/\\\/www.montmerac.fr\\\/#website\",\"url\":\"https:\\\/\\\/www.montmerac.fr\\\/\",\"name\":\"Montm\u00e9rac\",\"description\":\"\",\"publisher\":{\"@id\":\"https:\\\/\\\/www.montmerac.fr\\\/#organization\"},\"potentialAction\":[{\"@type\":\"SearchAction\",\"target\":{\"@type\":\"EntryPoint\",\"urlTemplate\":\"https:\\\/\\\/www.montmerac.fr\\\/?s={search_term_string}\"},\"query-input\":{\"@type\":\"PropertyValueSpecification\",\"valueRequired\":true,\"valueName\":\"search_term_string\"}}],\"inLanguage\":\"fr-FR\"},{\"@type\":\"Organization\",\"@id\":\"https:\\\/\\\/www.montmerac.fr\\\/#organization\",\"name\":\"Montm\u00e9rac\",\"url\":\"https:\\\/\\\/www.montmerac.fr\\\/\",\"logo\":{\"@type\":\"ImageObject\",\"inLanguage\":\"fr-FR\",\"@id\":\"https:\\\/\\\/www.montmerac.fr\\\/#\\\/schema\\\/logo\\\/image\\\/\",\"url\":\"https:\\\/\\\/www.montmerac.fr\\\/wp-content\\\/uploads\\\/2026\\\/04\\\/cropped-cropped-logo_150-1.jpg\",\"contentUrl\":\"https:\\\/\\\/www.montmerac.fr\\\/wp-content\\\/uploads\\\/2026\\\/04\\\/cropped-cropped-logo_150-1.jpg\",\"width\":150,\"height\":89,\"caption\":\"Montm\u00e9rac\"},\"image\":{\"@id\":\"https:\\\/\\\/www.montmerac.fr\\\/#\\\/schema\\\/logo\\\/image\\\/\"}}]}<\/script>\n<!-- \/ Yoast SEO plugin. -->","yoast_head_json":{"title":"Lieux et curiosit\u00e9s - Montm\u00e9rac","robots":{"index":"index","follow":"follow","max-snippet":"max-snippet:-1","max-image-preview":"max-image-preview:large","max-video-preview":"max-video-preview:-1"},"canonical":"https:\/\/www.montmerac.fr\/?page_id=4334","og_locale":"fr_FR","og_type":"article","og_title":"Lieux et curiosit\u00e9s - Montm\u00e9rac","og_description":"Ch\u00e2teau de Montchaude Ch\u00e2teau de la&nbsp;renaissance tr\u00e8s remani\u00e9 au&nbsp;XIX&nbsp;e&nbsp;si\u00e8cle&nbsp;situ\u00e9 \u00e0&nbsp;Montchaude&nbsp;, commune de Montmerac en&nbsp;Charente. La terre de Montchaude a appartenu \u00e0 des seigneurs de la maison de Barbezieux puis aux Saint-Gelais. Arnaud de Montchaude est cit\u00e9 dans le&nbsp;cartulaire&nbsp;de Baignes vers","og_url":"https:\/\/www.montmerac.fr\/?page_id=4334","og_site_name":"Montm\u00e9rac","article_modified_time":"2026-05-05T16:48:37+00:00","og_image":[{"width":199,"height":150,"url":"https:\/\/www.montmerac.fr\/wp-content\/uploads\/2017\/09\/bd41a8_2757fd8ca40a412b895d3fcf4bb56fd3mv2.png","type":"image\/png"}],"twitter_card":"summary_large_image","twitter_misc":{"Dur\u00e9e de lecture estim\u00e9e":"6 minutes"},"schema":{"@context":"https:\/\/schema.org","@graph":[{"@type":"WebPage","@id":"https:\/\/www.montmerac.fr\/?page_id=4334","url":"https:\/\/www.montmerac.fr\/?page_id=4334","name":"Lieux et curiosit\u00e9s - Montm\u00e9rac","isPartOf":{"@id":"https:\/\/www.montmerac.fr\/#website"},"primaryImageOfPage":{"@id":"https:\/\/www.montmerac.fr\/?page_id=4334#primaryimage"},"image":{"@id":"https:\/\/www.montmerac.fr\/?page_id=4334#primaryimage"},"thumbnailUrl":"https:\/\/www.montmerac.fr\/wp-content\/uploads\/2017\/09\/bd41a8_2757fd8ca40a412b895d3fcf4bb56fd3mv2.png","datePublished":"2026-05-05T14:43:49+00:00","dateModified":"2026-05-05T16:48:37+00:00","breadcrumb":{"@id":"https:\/\/www.montmerac.fr\/?page_id=4334#breadcrumb"},"inLanguage":"fr-FR","potentialAction":[{"@type":"ReadAction","target":["https:\/\/www.montmerac.fr\/?page_id=4334"]}]},{"@type":"ImageObject","inLanguage":"fr-FR","@id":"https:\/\/www.montmerac.fr\/?page_id=4334#primaryimage","url":"https:\/\/www.montmerac.fr\/wp-content\/uploads\/2017\/09\/bd41a8_2757fd8ca40a412b895d3fcf4bb56fd3mv2.png","contentUrl":"https:\/\/www.montmerac.fr\/wp-content\/uploads\/2017\/09\/bd41a8_2757fd8ca40a412b895d3fcf4bb56fd3mv2.png","width":199,"height":150},{"@type":"BreadcrumbList","@id":"https:\/\/www.montmerac.fr\/?page_id=4334#breadcrumb","itemListElement":[{"@type":"ListItem","position":1,"name":"Accueil","item":"https:\/\/www.montmerac.fr\/"},{"@type":"ListItem","position":2,"name":"Lieux et curiosit\u00e9s"}]},{"@type":"WebSite","@id":"https:\/\/www.montmerac.fr\/#website","url":"https:\/\/www.montmerac.fr\/","name":"Montm\u00e9rac","description":"","publisher":{"@id":"https:\/\/www.montmerac.fr\/#organization"},"potentialAction":[{"@type":"SearchAction","target":{"@type":"EntryPoint","urlTemplate":"https:\/\/www.montmerac.fr\/?s={search_term_string}"},"query-input":{"@type":"PropertyValueSpecification","valueRequired":true,"valueName":"search_term_string"}}],"inLanguage":"fr-FR"},{"@type":"Organization","@id":"https:\/\/www.montmerac.fr\/#organization","name":"Montm\u00e9rac","url":"https:\/\/www.montmerac.fr\/","logo":{"@type":"ImageObject","inLanguage":"fr-FR","@id":"https:\/\/www.montmerac.fr\/#\/schema\/logo\/image\/","url":"https:\/\/www.montmerac.fr\/wp-content\/uploads\/2026\/04\/cropped-cropped-logo_150-1.jpg","contentUrl":"https:\/\/www.montmerac.fr\/wp-content\/uploads\/2026\/04\/cropped-cropped-logo_150-1.jpg","width":150,"height":89,"caption":"Montm\u00e9rac"},"image":{"@id":"https:\/\/www.montmerac.fr\/#\/schema\/logo\/image\/"}}]}},"_links":{"self":[{"href":"https:\/\/www.montmerac.fr\/index.php?rest_route=\/wp\/v2\/pages\/4334","targetHints":{"allow":["GET"]}}],"collection":[{"href":"https:\/\/www.montmerac.fr\/index.php?rest_route=\/wp\/v2\/pages"}],"about":[{"href":"https:\/\/www.montmerac.fr\/index.php?rest_route=\/wp\/v2\/types\/page"}],"author":[{"embeddable":true,"href":"https:\/\/www.montmerac.fr\/index.php?rest_route=\/wp\/v2\/users\/6"}],"replies":[{"embeddable":true,"href":"https:\/\/www.montmerac.fr\/index.php?rest_route=%2Fwp%2Fv2%2Fcomments&post=4334"}],"version-history":[{"count":12,"href":"https:\/\/www.montmerac.fr\/index.php?rest_route=\/wp\/v2\/pages\/4334\/revisions"}],"predecessor-version":[{"id":4377,"href":"https:\/\/www.montmerac.fr\/index.php?rest_route=\/wp\/v2\/pages\/4334\/revisions\/4377"}],"wp:attachment":[{"href":"https:\/\/www.montmerac.fr\/index.php?rest_route=%2Fwp%2Fv2%2Fmedia&parent=4334"}],"curies":[{"name":"wp","href":"https:\/\/api.w.org\/{rel}","templated":true}]}}