{"id":4325,"date":"2026-05-05T15:34:16","date_gmt":"2026-05-05T14:34:16","guid":{"rendered":"https:\/\/www.montmerac.fr\/?page_id=4325"},"modified":"2026-05-05T16:39:58","modified_gmt":"2026-05-05T15:39:58","slug":"localisation-et-histoire","status":"publish","type":"page","link":"https:\/\/www.montmerac.fr\/?page_id=4325","title":{"rendered":"Localisation et histoire"},"content":{"rendered":"\n<figure class=\"wp-block-image aligncenter size-full is-resized\"><a href=\"http:\/\/www.google.fr\/maps\/place\/16300+Montm%C3%A9rac\/@45.43622,-0.247714,13z\/data=!4m6!3m5!1s0x4800658bdf518e17:0x80bf94f6597c7d39!8m2!3d45.4547407!4d-0.2015837!16s%2Fm%2F03mcc75?entry=ttu&amp;g_ep=EgoyMDI2MDQyOS4wIKXMDSoASAFQAw%3D%3D\"><img loading=\"lazy\" decoding=\"async\" width=\"441\" height=\"274\" src=\"https:\/\/www.montmerac.fr\/wp-content\/uploads\/2026\/05\/Carte.jpg\" alt=\"\" class=\"wp-image-4327\" style=\"aspect-ratio:1.7777777777777777;object-fit:contain;width:370px;height:auto\" srcset=\"https:\/\/www.montmerac.fr\/wp-content\/uploads\/2026\/05\/Carte.jpg 441w, https:\/\/www.montmerac.fr\/wp-content\/uploads\/2026\/05\/Carte-768x477.jpg 768w\" sizes=\"auto, (max-width: 441px) 100vw, 441px\" \/><\/a><\/figure>\n\n\n\n<p class=\"has-text-align-center has-medium-font-size\"><em><a href=\"http:\/\/www.google.fr\/maps\/place\/16300+Montm%C3%A9rac\/@45.43622,-0.247714,13z\/data=!4m6!3m5!1s0x4800658bdf518e17:0x80bf94f6597c7d39!8m2!3d45.4547407!4d-0.2015837!16s%2Fm%2F03mcc75?entry=ttu&amp;g_ep=EgoyMDI2MDQyOS4wIKXMDSoASAFQAw%3D%3D\">Vers carte Maps<\/a><\/em><\/p>\n\n\n\n<details class=\"wp-block-details has-border-color has-white-border-color has-medium-font-size is-layout-flow wp-container-core-details-is-layout-22223934 wp-block-details-is-layout-flow\" style=\"border-width:11px;line-height:1.6\"><summary>Montm\u00e9rac est une commune nouvelle du Sud Charente, issue de la fusion de Lam\u00e9rac et de Montchaude. La commune nouvelle entraine la transformation des deux anciennes communes en \u00ab communes d\u00e9l\u00e9gu\u00e9es \u00bb et dont la cr\u00e9ation a \u00e9t\u00e9 ent\u00e9rin\u00e9e par l\u2019arr\u00eat\u00e9 du 10 d\u00e9cembre 2015.&nbsp;<br>Ses 740 habitants sont r\u00e9partis sur 2339 ha.\u200b<br>Travers\u00e9s par le Tr\u00e8fle et le Petit Tr\u00e8fle, les paysages se d\u00e9roulent en douces collines entre la Double Saintongeaise au sud et la champagne viticole de Cognac au nord.\u200b<br>L&rsquo;\u00e9conomie est essentiellement rurale mais cette localit\u00e9 est attractive pour les travailleurs de centres urbains plus importants : Barbezieux, Jonzac, Cognac, Angoul\u00eame et Bordeaux.<br>La production agricole y est largement represent\u00e9e ; \u00e9levages bovin, avicole, canin,&nbsp; sylviculture, viticulture, horticulture, maraichage, arboriculture, c\u00e9r\u00e9ales, ol\u00e9agineux\u2026.<br>L&rsquo;artisanat y est aussi largement pr\u00e9sent, tous corps d&rsquo;\u00e9tat du b\u00e2timent, transport, distillateurs et commer\u00e7ants.<\/summary>\n<p><\/p>\n<\/details>\n\n\n\n<p><\/p>\n","protected":false},"excerpt":{"rendered":"<p>Vers carte Maps<\/p>\n","protected":false},"author":6,"featured_media":0,"parent":0,"menu_order":0,"comment_status":"closed","ping_status":"closed","template":"","meta":{"ngg_post_thumbnail":0,"footnotes":""},"class_list":["post-4325","page","type-page","status-publish","hentry"],"yoast_head":"<!-- This site is optimized with the Yoast SEO plugin v27.4 - https:\/\/yoast.com\/product\/yoast-seo-wordpress\/ -->\n<title>Localisation et histoire - Montm\u00e9rac<\/title>\n<meta name=\"robots\" content=\"index, follow, max-snippet:-1, max-image-preview:large, max-video-preview:-1\" \/>\n<link rel=\"canonical\" href=\"https:\/\/www.montmerac.fr\/?page_id=4325\" \/>\n<meta property=\"og:locale\" content=\"fr_FR\" \/>\n<meta property=\"og:type\" content=\"article\" \/>\n<meta property=\"og:title\" content=\"Localisation et histoire - Montm\u00e9rac\" \/>\n<meta property=\"og:description\" content=\"Vers carte Maps\" \/>\n<meta property=\"og:url\" content=\"https:\/\/www.montmerac.fr\/?page_id=4325\" \/>\n<meta property=\"og:site_name\" content=\"Montm\u00e9rac\" \/>\n<meta property=\"article:modified_time\" content=\"2026-05-05T15:39:58+00:00\" \/>\n<meta property=\"og:image\" content=\"https:\/\/www.montmerac.fr\/wp-content\/uploads\/2026\/05\/Carte.jpg\" \/>\n\t<meta property=\"og:image:width\" content=\"441\" \/>\n\t<meta property=\"og:image:height\" content=\"274\" \/>\n\t<meta property=\"og:image:type\" content=\"image\/jpeg\" \/>\n<meta name=\"twitter:card\" content=\"summary_large_image\" \/>\n<meta name=\"twitter:label1\" content=\"Dur\u00e9e de lecture estim\u00e9e\" \/>\n\t<meta name=\"twitter:data1\" content=\"1 minute\" \/>\n<script type=\"application\/ld+json\" class=\"yoast-schema-graph\">{\"@context\":\"https:\\\/\\\/schema.org\",\"@graph\":[{\"@type\":\"WebPage\",\"@id\":\"https:\\\/\\\/www.montmerac.fr\\\/?page_id=4325\",\"url\":\"https:\\\/\\\/www.montmerac.fr\\\/?page_id=4325\",\"name\":\"Localisation et histoire - Montm\u00e9rac\",\"isPartOf\":{\"@id\":\"https:\\\/\\\/www.montmerac.fr\\\/#website\"},\"primaryImageOfPage\":{\"@id\":\"https:\\\/\\\/www.montmerac.fr\\\/?page_id=4325#primaryimage\"},\"image\":{\"@id\":\"https:\\\/\\\/www.montmerac.fr\\\/?page_id=4325#primaryimage\"},\"thumbnailUrl\":\"https:\\\/\\\/www.montmerac.fr\\\/wp-content\\\/uploads\\\/2026\\\/05\\\/Carte.jpg\",\"datePublished\":\"2026-05-05T14:34:16+00:00\",\"dateModified\":\"2026-05-05T15:39:58+00:00\",\"breadcrumb\":{\"@id\":\"https:\\\/\\\/www.montmerac.fr\\\/?page_id=4325#breadcrumb\"},\"inLanguage\":\"fr-FR\",\"potentialAction\":[{\"@type\":\"ReadAction\",\"target\":[\"https:\\\/\\\/www.montmerac.fr\\\/?page_id=4325\"]}]},{\"@type\":\"ImageObject\",\"inLanguage\":\"fr-FR\",\"@id\":\"https:\\\/\\\/www.montmerac.fr\\\/?page_id=4325#primaryimage\",\"url\":\"https:\\\/\\\/www.montmerac.fr\\\/wp-content\\\/uploads\\\/2026\\\/05\\\/Carte.jpg\",\"contentUrl\":\"https:\\\/\\\/www.montmerac.fr\\\/wp-content\\\/uploads\\\/2026\\\/05\\\/Carte.jpg\",\"width\":441,\"height\":274},{\"@type\":\"BreadcrumbList\",\"@id\":\"https:\\\/\\\/www.montmerac.fr\\\/?page_id=4325#breadcrumb\",\"itemListElement\":[{\"@type\":\"ListItem\",\"position\":1,\"name\":\"Accueil\",\"item\":\"https:\\\/\\\/www.montmerac.fr\\\/\"},{\"@type\":\"ListItem\",\"position\":2,\"name\":\"Localisation et histoire\"}]},{\"@type\":\"WebSite\",\"@id\":\"https:\\\/\\\/www.montmerac.fr\\\/#website\",\"url\":\"https:\\\/\\\/www.montmerac.fr\\\/\",\"name\":\"Montm\u00e9rac\",\"description\":\"\",\"publisher\":{\"@id\":\"https:\\\/\\\/www.montmerac.fr\\\/#organization\"},\"potentialAction\":[{\"@type\":\"SearchAction\",\"target\":{\"@type\":\"EntryPoint\",\"urlTemplate\":\"https:\\\/\\\/www.montmerac.fr\\\/?s={search_term_string}\"},\"query-input\":{\"@type\":\"PropertyValueSpecification\",\"valueRequired\":true,\"valueName\":\"search_term_string\"}}],\"inLanguage\":\"fr-FR\"},{\"@type\":\"Organization\",\"@id\":\"https:\\\/\\\/www.montmerac.fr\\\/#organization\",\"name\":\"Montm\u00e9rac\",\"url\":\"https:\\\/\\\/www.montmerac.fr\\\/\",\"logo\":{\"@type\":\"ImageObject\",\"inLanguage\":\"fr-FR\",\"@id\":\"https:\\\/\\\/www.montmerac.fr\\\/#\\\/schema\\\/logo\\\/image\\\/\",\"url\":\"https:\\\/\\\/www.montmerac.fr\\\/wp-content\\\/uploads\\\/2026\\\/04\\\/cropped-cropped-logo_150-1.jpg\",\"contentUrl\":\"https:\\\/\\\/www.montmerac.fr\\\/wp-content\\\/uploads\\\/2026\\\/04\\\/cropped-cropped-logo_150-1.jpg\",\"width\":150,\"height\":89,\"caption\":\"Montm\u00e9rac\"},\"image\":{\"@id\":\"https:\\\/\\\/www.montmerac.fr\\\/#\\\/schema\\\/logo\\\/image\\\/\"}}]}<\/script>\n<!-- \/ Yoast SEO plugin. -->","yoast_head_json":{"title":"Localisation et histoire - Montm\u00e9rac","robots":{"index":"index","follow":"follow","max-snippet":"max-snippet:-1","max-image-preview":"max-image-preview:large","max-video-preview":"max-video-preview:-1"},"canonical":"https:\/\/www.montmerac.fr\/?page_id=4325","og_locale":"fr_FR","og_type":"article","og_title":"Localisation et histoire - Montm\u00e9rac","og_description":"Vers carte Maps","og_url":"https:\/\/www.montmerac.fr\/?page_id=4325","og_site_name":"Montm\u00e9rac","article_modified_time":"2026-05-05T15:39:58+00:00","og_image":[{"width":441,"height":274,"url":"https:\/\/www.montmerac.fr\/wp-content\/uploads\/2026\/05\/Carte.jpg","type":"image\/jpeg"}],"twitter_card":"summary_large_image","twitter_misc":{"Dur\u00e9e de lecture estim\u00e9e":"1 minute"},"schema":{"@context":"https:\/\/schema.org","@graph":[{"@type":"WebPage","@id":"https:\/\/www.montmerac.fr\/?page_id=4325","url":"https:\/\/www.montmerac.fr\/?page_id=4325","name":"Localisation et histoire - Montm\u00e9rac","isPartOf":{"@id":"https:\/\/www.montmerac.fr\/#website"},"primaryImageOfPage":{"@id":"https:\/\/www.montmerac.fr\/?page_id=4325#primaryimage"},"image":{"@id":"https:\/\/www.montmerac.fr\/?page_id=4325#primaryimage"},"thumbnailUrl":"https:\/\/www.montmerac.fr\/wp-content\/uploads\/2026\/05\/Carte.jpg","datePublished":"2026-05-05T14:34:16+00:00","dateModified":"2026-05-05T15:39:58+00:00","breadcrumb":{"@id":"https:\/\/www.montmerac.fr\/?page_id=4325#breadcrumb"},"inLanguage":"fr-FR","potentialAction":[{"@type":"ReadAction","target":["https:\/\/www.montmerac.fr\/?page_id=4325"]}]},{"@type":"ImageObject","inLanguage":"fr-FR","@id":"https:\/\/www.montmerac.fr\/?page_id=4325#primaryimage","url":"https:\/\/www.montmerac.fr\/wp-content\/uploads\/2026\/05\/Carte.jpg","contentUrl":"https:\/\/www.montmerac.fr\/wp-content\/uploads\/2026\/05\/Carte.jpg","width":441,"height":274},{"@type":"BreadcrumbList","@id":"https:\/\/www.montmerac.fr\/?page_id=4325#breadcrumb","itemListElement":[{"@type":"ListItem","position":1,"name":"Accueil","item":"https:\/\/www.montmerac.fr\/"},{"@type":"ListItem","position":2,"name":"Localisation et histoire"}]},{"@type":"WebSite","@id":"https:\/\/www.montmerac.fr\/#website","url":"https:\/\/www.montmerac.fr\/","name":"Montm\u00e9rac","description":"","publisher":{"@id":"https:\/\/www.montmerac.fr\/#organization"},"potentialAction":[{"@type":"SearchAction","target":{"@type":"EntryPoint","urlTemplate":"https:\/\/www.montmerac.fr\/?s={search_term_string}"},"query-input":{"@type":"PropertyValueSpecification","valueRequired":true,"valueName":"search_term_string"}}],"inLanguage":"fr-FR"},{"@type":"Organization","@id":"https:\/\/www.montmerac.fr\/#organization","name":"Montm\u00e9rac","url":"https:\/\/www.montmerac.fr\/","logo":{"@type":"ImageObject","inLanguage":"fr-FR","@id":"https:\/\/www.montmerac.fr\/#\/schema\/logo\/image\/","url":"https:\/\/www.montmerac.fr\/wp-content\/uploads\/2026\/04\/cropped-cropped-logo_150-1.jpg","contentUrl":"https:\/\/www.montmerac.fr\/wp-content\/uploads\/2026\/04\/cropped-cropped-logo_150-1.jpg","width":150,"height":89,"caption":"Montm\u00e9rac"},"image":{"@id":"https:\/\/www.montmerac.fr\/#\/schema\/logo\/image\/"}}]}},"_links":{"self":[{"href":"https:\/\/www.montmerac.fr\/index.php?rest_route=\/wp\/v2\/pages\/4325","targetHints":{"allow":["GET"]}}],"collection":[{"href":"https:\/\/www.montmerac.fr\/index.php?rest_route=\/wp\/v2\/pages"}],"about":[{"href":"https:\/\/www.montmerac.fr\/index.php?rest_route=\/wp\/v2\/types\/page"}],"author":[{"embeddable":true,"href":"https:\/\/www.montmerac.fr\/index.php?rest_route=\/wp\/v2\/users\/6"}],"replies":[{"embeddable":true,"href":"https:\/\/www.montmerac.fr\/index.php?rest_route=%2Fwp%2Fv2%2Fcomments&post=4325"}],"version-history":[{"count":3,"href":"https:\/\/www.montmerac.fr\/index.php?rest_route=\/wp\/v2\/pages\/4325\/revisions"}],"predecessor-version":[{"id":4352,"href":"https:\/\/www.montmerac.fr\/index.php?rest_route=\/wp\/v2\/pages\/4325\/revisions\/4352"}],"wp:attachment":[{"href":"https:\/\/www.montmerac.fr\/index.php?rest_route=%2Fwp%2Fv2%2Fmedia&parent=4325"}],"curies":[{"name":"wp","href":"https:\/\/api.w.org\/{rel}","templated":true}]}}