{"id":4302,"date":"2026-05-05T10:38:46","date_gmt":"2026-05-05T09:38:46","guid":{"rendered":"https:\/\/www.montmerac.fr\/?page_id=4302"},"modified":"2026-05-05T14:56:47","modified_gmt":"2026-05-05T13:56:47","slug":"environnement-et-salubrite","status":"publish","type":"page","link":"https:\/\/www.montmerac.fr\/?page_id=4302","title":{"rendered":"Environnement et salubrit\u00e9"},"content":{"rendered":"\n<p class=\"has-text-color has-link-color wp-elements-36561b94dada18d94740d96c149c0373\" style=\"color:#306988;font-size:20px\"><strong>1  Ramassage des d\u00e9chets par CALITOM<\/strong> &#8211; <a href=\"https:\/\/calitom.com\/\"><em>https:\/\/calitom.com<\/em><\/a><\/p>\n\n\n\n<figure class=\"wp-block-image aligncenter size-full is-resized\"><img loading=\"lazy\" decoding=\"async\" width=\"842\" height=\"595\" src=\"https:\/\/www.montmerac.fr\/wp-content\/uploads\/2026\/05\/Calitom-calendrier-colettes-2026-1.jpg\" alt=\"\" class=\"wp-image-4191\" style=\"aspect-ratio:1.4151522724838446;width:464px;height:auto\" srcset=\"https:\/\/www.montmerac.fr\/wp-content\/uploads\/2026\/05\/Calitom-calendrier-colettes-2026-1.jpg 842w, https:\/\/www.montmerac.fr\/wp-content\/uploads\/2026\/05\/Calitom-calendrier-colettes-2026-1-768x542.jpg 768w, https:\/\/www.montmerac.fr\/wp-content\/uploads\/2026\/05\/Calitom-calendrier-colettes-2026-1-600x424.jpg 600w\" sizes=\"auto, (max-width: 842px) 100vw, 842px\" \/><\/figure>\n\n\n\n<p><\/p>\n\n\n\n<p class=\"has-text-color has-link-color has-medium-font-size wp-elements-f5ae8e01d8096402dd60c8ee61525e88\" style=\"color:#306988\">2<strong>  Pr\u00e9vention moustiques<\/strong> &#8211; <em><a href=\"https:\/\/traitement-nuisible.com\/moustique\/\">Lien <\/a><\/em><\/p>\n\n\n\n<figure class=\"wp-block-image aligncenter size-full is-resized\"><a href=\"http:\/\/traitement-nuisible.com\/moustique\"><img loading=\"lazy\" decoding=\"async\" width=\"780\" height=\"506\" src=\"https:\/\/www.montmerac.fr\/wp-content\/uploads\/2026\/04\/moustiques.png\" alt=\"\" class=\"wp-image-4045\" style=\"aspect-ratio:1.5415159646871233;width:470px;height:auto\" srcset=\"https:\/\/www.montmerac.fr\/wp-content\/uploads\/2026\/04\/moustiques.png 780w, https:\/\/www.montmerac.fr\/wp-content\/uploads\/2026\/04\/moustiques-300x195.png 300w, https:\/\/www.montmerac.fr\/wp-content\/uploads\/2026\/04\/moustiques-768x498.png 768w, https:\/\/www.montmerac.fr\/wp-content\/uploads\/2026\/04\/moustiques-600x389.png 600w\" sizes=\"auto, (max-width: 780px) 100vw, 780px\" \/><\/a><\/figure>\n\n\n\n<p><\/p>\n\n\n\n<p class=\"has-text-color has-link-color has-medium-font-size wp-elements-6501398383f232292b82f332d069874b\" style=\"color:#306988\">3 <strong>Campagne \u00e9lagage ENEDIS <\/strong><em><a href=\"https:\/\/traitement-nuisible.com\/moustique\/\"> <\/a><\/em>&#8211; <em><a href=\"http:\/\/www.enedis.fr\/elagage-securite-electricite\">lien <\/a><\/em><\/p>\n\n\n\n<figure class=\"wp-block-image aligncenter size-large is-resized\"><img loading=\"lazy\" decoding=\"async\" width=\"1024\" height=\"1024\" src=\"https:\/\/www.montmerac.fr\/wp-content\/uploads\/2026\/05\/Campagne-elagage-ENEDIS-1024x1024.jpg\" alt=\"\" class=\"wp-image-4304\" style=\"width:516px;height:auto\" srcset=\"https:\/\/www.montmerac.fr\/wp-content\/uploads\/2026\/05\/Campagne-elagage-ENEDIS-1024x1024.jpg 1024w, https:\/\/www.montmerac.fr\/wp-content\/uploads\/2026\/05\/Campagne-elagage-ENEDIS-300x300.jpg 300w, https:\/\/www.montmerac.fr\/wp-content\/uploads\/2026\/05\/Campagne-elagage-ENEDIS-150x150.jpg 150w, https:\/\/www.montmerac.fr\/wp-content\/uploads\/2026\/05\/Campagne-elagage-ENEDIS-1536x1536.jpg 1536w, https:\/\/www.montmerac.fr\/wp-content\/uploads\/2026\/05\/Campagne-elagage-ENEDIS-2048x2048.jpg 2048w, https:\/\/www.montmerac.fr\/wp-content\/uploads\/2026\/05\/Campagne-elagage-ENEDIS-270x270.jpg 270w, https:\/\/www.montmerac.fr\/wp-content\/uploads\/2026\/05\/Campagne-elagage-ENEDIS-230x230.jpg 230w\" sizes=\"auto, (max-width: 1024px) 100vw, 1024px\" \/><\/figure>\n\n\n\n<p><\/p>\n\n\n\n<p class=\"has-text-color has-link-color has-medium-font-size wp-elements-5252f7c0d8f9de26dee321ea9f776755\" style=\"color:#306988\">4 <strong>L&rsquo;ambroisie, comment se prot\u00e9ger contre cette plante<\/strong> &#8211; <em><a href=\"http:\/\/www.auvergne-rhone-alpes.ars.sante.fr\/ambroisie-comment-se-proteger-et-lutter-contre-cette-plante\">lien<\/a><a href=\"https:\/\/traitement-nuisible.com\/moustique\/\"> <\/a><\/em><\/p>\n\n\n\n<figure class=\"wp-block-image aligncenter size-large is-resized\"><a href=\"http:\/\/www.auvergne-rhone-alpes.ars.sante.fr\/ambroisie-comment-se-proteger-et-lutter-contre-cette-plante\"><img loading=\"lazy\" decoding=\"async\" width=\"1024\" height=\"1024\" src=\"https:\/\/www.montmerac.fr\/wp-content\/uploads\/2026\/05\/ambroisie-1024x1024.jpg\" alt=\"\" class=\"wp-image-4308\" style=\"width:425px;height:auto\" srcset=\"https:\/\/www.montmerac.fr\/wp-content\/uploads\/2026\/05\/ambroisie-1024x1024.jpg 1024w, https:\/\/www.montmerac.fr\/wp-content\/uploads\/2026\/05\/ambroisie-300x300.jpg 300w, https:\/\/www.montmerac.fr\/wp-content\/uploads\/2026\/05\/ambroisie-150x150.jpg 150w, https:\/\/www.montmerac.fr\/wp-content\/uploads\/2026\/05\/ambroisie-1536x1536.jpg 1536w, https:\/\/www.montmerac.fr\/wp-content\/uploads\/2026\/05\/ambroisie-2048x2048.jpg 2048w, https:\/\/www.montmerac.fr\/wp-content\/uploads\/2026\/05\/ambroisie-270x270.jpg 270w, https:\/\/www.montmerac.fr\/wp-content\/uploads\/2026\/05\/ambroisie-230x230.jpg 230w\" sizes=\"auto, (max-width: 1024px) 100vw, 1024px\" \/><\/a><\/figure>\n\n\n\n<p><\/p>\n","protected":false},"excerpt":{"rendered":"<p>1 Ramassage des d\u00e9chets par CALITOM &#8211; https:\/\/calitom.com 2 Pr\u00e9vention moustiques &#8211; Lien 3 Campagne \u00e9lagage ENEDIS &#8211; lien 4 L&rsquo;ambroisie, comment se prot\u00e9ger contre cette plante &#8211; lien<\/p>\n","protected":false},"author":6,"featured_media":0,"parent":0,"menu_order":0,"comment_status":"closed","ping_status":"closed","template":"","meta":{"ngg_post_thumbnail":0,"footnotes":""},"class_list":["post-4302","page","type-page","status-publish","hentry"],"yoast_head":"<!-- This site is optimized with the Yoast SEO plugin v27.4 - https:\/\/yoast.com\/product\/yoast-seo-wordpress\/ -->\n<title>Environnement et salubrit\u00e9 - Montm\u00e9rac<\/title>\n<meta name=\"robots\" content=\"index, follow, max-snippet:-1, max-image-preview:large, max-video-preview:-1\" \/>\n<link rel=\"canonical\" href=\"https:\/\/www.montmerac.fr\/?page_id=4302\" \/>\n<meta property=\"og:locale\" content=\"fr_FR\" \/>\n<meta property=\"og:type\" content=\"article\" \/>\n<meta property=\"og:title\" content=\"Environnement et salubrit\u00e9 - Montm\u00e9rac\" \/>\n<meta property=\"og:description\" content=\"1 Ramassage des d\u00e9chets par CALITOM &#8211; https:\/\/calitom.com 2 Pr\u00e9vention moustiques &#8211; Lien 3 Campagne \u00e9lagage ENEDIS &#8211; lien 4 L&rsquo;ambroisie, comment se prot\u00e9ger contre cette plante &#8211; lien\" \/>\n<meta property=\"og:url\" content=\"https:\/\/www.montmerac.fr\/?page_id=4302\" \/>\n<meta property=\"og:site_name\" content=\"Montm\u00e9rac\" \/>\n<meta property=\"article:modified_time\" content=\"2026-05-05T13:56:47+00:00\" \/>\n<meta property=\"og:image\" content=\"https:\/\/www.montmerac.fr\/wp-content\/uploads\/2026\/05\/Calitom-calendrier-colettes-2026-1.jpg\" \/>\n\t<meta property=\"og:image:width\" content=\"842\" \/>\n\t<meta property=\"og:image:height\" content=\"595\" \/>\n\t<meta property=\"og:image:type\" content=\"image\/jpeg\" \/>\n<meta name=\"twitter:card\" content=\"summary_large_image\" \/>\n<meta name=\"twitter:label1\" content=\"Dur\u00e9e de lecture estim\u00e9e\" \/>\n\t<meta name=\"twitter:data1\" content=\"1 minute\" \/>\n<script type=\"application\/ld+json\" class=\"yoast-schema-graph\">{\"@context\":\"https:\\\/\\\/schema.org\",\"@graph\":[{\"@type\":\"WebPage\",\"@id\":\"https:\\\/\\\/www.montmerac.fr\\\/?page_id=4302\",\"url\":\"https:\\\/\\\/www.montmerac.fr\\\/?page_id=4302\",\"name\":\"Environnement et salubrit\u00e9 - Montm\u00e9rac\",\"isPartOf\":{\"@id\":\"https:\\\/\\\/www.montmerac.fr\\\/#website\"},\"primaryImageOfPage\":{\"@id\":\"https:\\\/\\\/www.montmerac.fr\\\/?page_id=4302#primaryimage\"},\"image\":{\"@id\":\"https:\\\/\\\/www.montmerac.fr\\\/?page_id=4302#primaryimage\"},\"thumbnailUrl\":\"https:\\\/\\\/www.montmerac.fr\\\/wp-content\\\/uploads\\\/2026\\\/05\\\/Calitom-calendrier-colettes-2026-1.jpg\",\"datePublished\":\"2026-05-05T09:38:46+00:00\",\"dateModified\":\"2026-05-05T13:56:47+00:00\",\"breadcrumb\":{\"@id\":\"https:\\\/\\\/www.montmerac.fr\\\/?page_id=4302#breadcrumb\"},\"inLanguage\":\"fr-FR\",\"potentialAction\":[{\"@type\":\"ReadAction\",\"target\":[\"https:\\\/\\\/www.montmerac.fr\\\/?page_id=4302\"]}]},{\"@type\":\"ImageObject\",\"inLanguage\":\"fr-FR\",\"@id\":\"https:\\\/\\\/www.montmerac.fr\\\/?page_id=4302#primaryimage\",\"url\":\"https:\\\/\\\/www.montmerac.fr\\\/wp-content\\\/uploads\\\/2026\\\/05\\\/Calitom-calendrier-colettes-2026-1.jpg\",\"contentUrl\":\"https:\\\/\\\/www.montmerac.fr\\\/wp-content\\\/uploads\\\/2026\\\/05\\\/Calitom-calendrier-colettes-2026-1.jpg\",\"width\":842,\"height\":595},{\"@type\":\"BreadcrumbList\",\"@id\":\"https:\\\/\\\/www.montmerac.fr\\\/?page_id=4302#breadcrumb\",\"itemListElement\":[{\"@type\":\"ListItem\",\"position\":1,\"name\":\"Accueil\",\"item\":\"https:\\\/\\\/www.montmerac.fr\\\/\"},{\"@type\":\"ListItem\",\"position\":2,\"name\":\"Environnement et salubrit\u00e9\"}]},{\"@type\":\"WebSite\",\"@id\":\"https:\\\/\\\/www.montmerac.fr\\\/#website\",\"url\":\"https:\\\/\\\/www.montmerac.fr\\\/\",\"name\":\"Montm\u00e9rac\",\"description\":\"\",\"publisher\":{\"@id\":\"https:\\\/\\\/www.montmerac.fr\\\/#organization\"},\"potentialAction\":[{\"@type\":\"SearchAction\",\"target\":{\"@type\":\"EntryPoint\",\"urlTemplate\":\"https:\\\/\\\/www.montmerac.fr\\\/?s={search_term_string}\"},\"query-input\":{\"@type\":\"PropertyValueSpecification\",\"valueRequired\":true,\"valueName\":\"search_term_string\"}}],\"inLanguage\":\"fr-FR\"},{\"@type\":\"Organization\",\"@id\":\"https:\\\/\\\/www.montmerac.fr\\\/#organization\",\"name\":\"Montm\u00e9rac\",\"url\":\"https:\\\/\\\/www.montmerac.fr\\\/\",\"logo\":{\"@type\":\"ImageObject\",\"inLanguage\":\"fr-FR\",\"@id\":\"https:\\\/\\\/www.montmerac.fr\\\/#\\\/schema\\\/logo\\\/image\\\/\",\"url\":\"https:\\\/\\\/www.montmerac.fr\\\/wp-content\\\/uploads\\\/2026\\\/04\\\/cropped-cropped-logo_150-1.jpg\",\"contentUrl\":\"https:\\\/\\\/www.montmerac.fr\\\/wp-content\\\/uploads\\\/2026\\\/04\\\/cropped-cropped-logo_150-1.jpg\",\"width\":150,\"height\":89,\"caption\":\"Montm\u00e9rac\"},\"image\":{\"@id\":\"https:\\\/\\\/www.montmerac.fr\\\/#\\\/schema\\\/logo\\\/image\\\/\"}}]}<\/script>\n<!-- \/ Yoast SEO plugin. -->","yoast_head_json":{"title":"Environnement et salubrit\u00e9 - Montm\u00e9rac","robots":{"index":"index","follow":"follow","max-snippet":"max-snippet:-1","max-image-preview":"max-image-preview:large","max-video-preview":"max-video-preview:-1"},"canonical":"https:\/\/www.montmerac.fr\/?page_id=4302","og_locale":"fr_FR","og_type":"article","og_title":"Environnement et salubrit\u00e9 - Montm\u00e9rac","og_description":"1 Ramassage des d\u00e9chets par CALITOM &#8211; https:\/\/calitom.com 2 Pr\u00e9vention moustiques &#8211; Lien 3 Campagne \u00e9lagage ENEDIS &#8211; lien 4 L&rsquo;ambroisie, comment se prot\u00e9ger contre cette plante &#8211; lien","og_url":"https:\/\/www.montmerac.fr\/?page_id=4302","og_site_name":"Montm\u00e9rac","article_modified_time":"2026-05-05T13:56:47+00:00","og_image":[{"width":842,"height":595,"url":"https:\/\/www.montmerac.fr\/wp-content\/uploads\/2026\/05\/Calitom-calendrier-colettes-2026-1.jpg","type":"image\/jpeg"}],"twitter_card":"summary_large_image","twitter_misc":{"Dur\u00e9e de lecture estim\u00e9e":"1 minute"},"schema":{"@context":"https:\/\/schema.org","@graph":[{"@type":"WebPage","@id":"https:\/\/www.montmerac.fr\/?page_id=4302","url":"https:\/\/www.montmerac.fr\/?page_id=4302","name":"Environnement et salubrit\u00e9 - Montm\u00e9rac","isPartOf":{"@id":"https:\/\/www.montmerac.fr\/#website"},"primaryImageOfPage":{"@id":"https:\/\/www.montmerac.fr\/?page_id=4302#primaryimage"},"image":{"@id":"https:\/\/www.montmerac.fr\/?page_id=4302#primaryimage"},"thumbnailUrl":"https:\/\/www.montmerac.fr\/wp-content\/uploads\/2026\/05\/Calitom-calendrier-colettes-2026-1.jpg","datePublished":"2026-05-05T09:38:46+00:00","dateModified":"2026-05-05T13:56:47+00:00","breadcrumb":{"@id":"https:\/\/www.montmerac.fr\/?page_id=4302#breadcrumb"},"inLanguage":"fr-FR","potentialAction":[{"@type":"ReadAction","target":["https:\/\/www.montmerac.fr\/?page_id=4302"]}]},{"@type":"ImageObject","inLanguage":"fr-FR","@id":"https:\/\/www.montmerac.fr\/?page_id=4302#primaryimage","url":"https:\/\/www.montmerac.fr\/wp-content\/uploads\/2026\/05\/Calitom-calendrier-colettes-2026-1.jpg","contentUrl":"https:\/\/www.montmerac.fr\/wp-content\/uploads\/2026\/05\/Calitom-calendrier-colettes-2026-1.jpg","width":842,"height":595},{"@type":"BreadcrumbList","@id":"https:\/\/www.montmerac.fr\/?page_id=4302#breadcrumb","itemListElement":[{"@type":"ListItem","position":1,"name":"Accueil","item":"https:\/\/www.montmerac.fr\/"},{"@type":"ListItem","position":2,"name":"Environnement et salubrit\u00e9"}]},{"@type":"WebSite","@id":"https:\/\/www.montmerac.fr\/#website","url":"https:\/\/www.montmerac.fr\/","name":"Montm\u00e9rac","description":"","publisher":{"@id":"https:\/\/www.montmerac.fr\/#organization"},"potentialAction":[{"@type":"SearchAction","target":{"@type":"EntryPoint","urlTemplate":"https:\/\/www.montmerac.fr\/?s={search_term_string}"},"query-input":{"@type":"PropertyValueSpecification","valueRequired":true,"valueName":"search_term_string"}}],"inLanguage":"fr-FR"},{"@type":"Organization","@id":"https:\/\/www.montmerac.fr\/#organization","name":"Montm\u00e9rac","url":"https:\/\/www.montmerac.fr\/","logo":{"@type":"ImageObject","inLanguage":"fr-FR","@id":"https:\/\/www.montmerac.fr\/#\/schema\/logo\/image\/","url":"https:\/\/www.montmerac.fr\/wp-content\/uploads\/2026\/04\/cropped-cropped-logo_150-1.jpg","contentUrl":"https:\/\/www.montmerac.fr\/wp-content\/uploads\/2026\/04\/cropped-cropped-logo_150-1.jpg","width":150,"height":89,"caption":"Montm\u00e9rac"},"image":{"@id":"https:\/\/www.montmerac.fr\/#\/schema\/logo\/image\/"}}]}},"_links":{"self":[{"href":"https:\/\/www.montmerac.fr\/index.php?rest_route=\/wp\/v2\/pages\/4302","targetHints":{"allow":["GET"]}}],"collection":[{"href":"https:\/\/www.montmerac.fr\/index.php?rest_route=\/wp\/v2\/pages"}],"about":[{"href":"https:\/\/www.montmerac.fr\/index.php?rest_route=\/wp\/v2\/types\/page"}],"author":[{"embeddable":true,"href":"https:\/\/www.montmerac.fr\/index.php?rest_route=\/wp\/v2\/users\/6"}],"replies":[{"embeddable":true,"href":"https:\/\/www.montmerac.fr\/index.php?rest_route=%2Fwp%2Fv2%2Fcomments&post=4302"}],"version-history":[{"count":3,"href":"https:\/\/www.montmerac.fr\/index.php?rest_route=\/wp\/v2\/pages\/4302\/revisions"}],"predecessor-version":[{"id":4309,"href":"https:\/\/www.montmerac.fr\/index.php?rest_route=\/wp\/v2\/pages\/4302\/revisions\/4309"}],"wp:attachment":[{"href":"https:\/\/www.montmerac.fr\/index.php?rest_route=%2Fwp%2Fv2%2Fmedia&parent=4302"}],"curies":[{"name":"wp","href":"https:\/\/api.w.org\/{rel}","templated":true}]}}