{"id":4204,"date":"2026-05-04T09:10:26","date_gmt":"2026-05-04T08:10:26","guid":{"rendered":"https:\/\/www.montmerac.fr\/?page_id=4204"},"modified":"2026-05-05T15:00:34","modified_gmt":"2026-05-05T14:00:34","slug":"demarches-administratives","status":"publish","type":"page","link":"https:\/\/www.montmerac.fr\/?page_id=4204","title":{"rendered":"D\u00e9marches administratives"},"content":{"rendered":"\n<ol class=\"wp-block-list\">\n<li>Cartes grises (ANTS)<\/li>\n<\/ol>\n\n\n\n<figure class=\"wp-block-image aligncenter\"><img loading=\"lazy\" decoding=\"async\" width=\"211\" height=\"300\" src=\"https:\/\/www.montmerac.fr\/wp-content\/uploads\/2021\/01\/carte-grise-211x300.jpg\" alt=\"\" class=\"wp-image-3213\" srcset=\"https:\/\/www.montmerac.fr\/wp-content\/uploads\/2021\/01\/carte-grise-211x300.jpg 211w, https:\/\/www.montmerac.fr\/wp-content\/uploads\/2021\/01\/carte-grise-768x1090.jpg 768w, https:\/\/www.montmerac.fr\/wp-content\/uploads\/2021\/01\/carte-grise-721x1024.jpg 721w, https:\/\/www.montmerac.fr\/wp-content\/uploads\/2021\/01\/carte-grise-600x852.jpg 600w, https:\/\/www.montmerac.fr\/wp-content\/uploads\/2021\/01\/carte-grise.jpg 851w\" sizes=\"auto, (max-width: 211px) 100vw, 211px\" \/><\/figure>\n\n\n\n<p>Les formalit\u00e9s de demande de certificat d\u2019immatriculation, anciennement appel\u00e9 \u00ab carte-grise \u00bb, se font uniquement en ligne. Il est possible de les faire:<\/p>\n\n\n\n<ul class=\"wp-block-list\">\n<li>via le site de\u00a0l\u2019ANTS\u00a0:\u00a0<a href=\"https:\/\/immatriculation.ants.gouv.fr\/\">https:\/\/immatriculation.ants.gouv.fr<\/a><\/li>\n\n\n\n<li>aupr\u00e8s de garagistes agr\u00e9\u00e9s par la pr\u00e9fecture en cas de difficult\u00e9 dans la num\u00e9risation de ces d\u00e9marches\u00a0:\u00a0Trouvez un\u00a0<a href=\"https:\/\/www.vroomly.com\/garage-16\/\">garage automobile en Charente\u00a0<\/a><\/li>\n<\/ul>\n\n\n\n<p>Pour conna\u00eetre le co\u00fbt moyen d&rsquo;une carte grise et se mettre \u00e0 l&rsquo;abri des arnaques, vous pouvez vous r\u00e9f\u00e9rer \u00e0 ce&nbsp;<a href=\"https:\/\/www.vroomly.com\/blog\/quel-est-le-prix-dune-carte-grise\/\">guide informatif.<\/a><\/p>\n\n\n\n<p>Retrouvez comment faire pas \u00e0 pas votre carte grise :&nbsp;<a href=\"https:\/\/www.courroie-distribution.fr\/blog\/comment-faire-une-carte-grise\/\">cliquez&nbsp;ici<\/a>.<\/p>\n\n\n\n<p><\/p>\n","protected":false},"excerpt":{"rendered":"<p>Les formalit\u00e9s de demande de certificat d\u2019immatriculation, anciennement appel\u00e9 \u00ab carte-grise \u00bb, se font uniquement en ligne. Il est possible de les faire: Pour conna\u00eetre le co\u00fbt moyen d&rsquo;une carte grise et se mettre \u00e0 l&rsquo;abri des arnaques, vous pouvez<\/p>\n","protected":false},"author":6,"featured_media":0,"parent":0,"menu_order":0,"comment_status":"closed","ping_status":"closed","template":"","meta":{"ngg_post_thumbnail":0,"footnotes":""},"class_list":["post-4204","page","type-page","status-publish","hentry"],"yoast_head":"<!-- This site is optimized with the Yoast SEO plugin v27.4 - https:\/\/yoast.com\/product\/yoast-seo-wordpress\/ -->\n<title>D\u00e9marches administratives - Montm\u00e9rac<\/title>\n<meta name=\"robots\" content=\"index, follow, max-snippet:-1, max-image-preview:large, max-video-preview:-1\" \/>\n<link rel=\"canonical\" href=\"https:\/\/www.montmerac.fr\/?page_id=4204\" \/>\n<meta property=\"og:locale\" content=\"fr_FR\" \/>\n<meta property=\"og:type\" content=\"article\" \/>\n<meta property=\"og:title\" content=\"D\u00e9marches administratives - Montm\u00e9rac\" \/>\n<meta property=\"og:description\" content=\"Les formalit\u00e9s de demande de certificat d\u2019immatriculation, anciennement appel\u00e9 \u00ab carte-grise \u00bb, se font uniquement en ligne. Il est possible de les faire: Pour conna\u00eetre le co\u00fbt moyen d&rsquo;une carte grise et se mettre \u00e0 l&rsquo;abri des arnaques, vous pouvez\" \/>\n<meta property=\"og:url\" content=\"https:\/\/www.montmerac.fr\/?page_id=4204\" \/>\n<meta property=\"og:site_name\" content=\"Montm\u00e9rac\" \/>\n<meta property=\"article:modified_time\" content=\"2026-05-05T14:00:34+00:00\" \/>\n<meta property=\"og:image\" content=\"https:\/\/www.montmerac.fr\/wp-content\/uploads\/2021\/01\/carte-grise.jpg\" \/>\n\t<meta property=\"og:image:width\" content=\"851\" \/>\n\t<meta property=\"og:image:height\" content=\"1208\" \/>\n\t<meta property=\"og:image:type\" content=\"image\/jpeg\" \/>\n<meta name=\"twitter:card\" content=\"summary_large_image\" \/>\n<meta name=\"twitter:label1\" content=\"Dur\u00e9e de lecture estim\u00e9e\" \/>\n\t<meta name=\"twitter:data1\" content=\"1 minute\" \/>\n<script type=\"application\/ld+json\" class=\"yoast-schema-graph\">{\"@context\":\"https:\\\/\\\/schema.org\",\"@graph\":[{\"@type\":\"WebPage\",\"@id\":\"https:\\\/\\\/www.montmerac.fr\\\/?page_id=4204\",\"url\":\"https:\\\/\\\/www.montmerac.fr\\\/?page_id=4204\",\"name\":\"D\u00e9marches administratives - Montm\u00e9rac\",\"isPartOf\":{\"@id\":\"https:\\\/\\\/www.montmerac.fr\\\/#website\"},\"primaryImageOfPage\":{\"@id\":\"https:\\\/\\\/www.montmerac.fr\\\/?page_id=4204#primaryimage\"},\"image\":{\"@id\":\"https:\\\/\\\/www.montmerac.fr\\\/?page_id=4204#primaryimage\"},\"thumbnailUrl\":\"https:\\\/\\\/www.montmerac.fr\\\/wp-content\\\/uploads\\\/2021\\\/01\\\/carte-grise-211x300.jpg\",\"datePublished\":\"2026-05-04T08:10:26+00:00\",\"dateModified\":\"2026-05-05T14:00:34+00:00\",\"breadcrumb\":{\"@id\":\"https:\\\/\\\/www.montmerac.fr\\\/?page_id=4204#breadcrumb\"},\"inLanguage\":\"fr-FR\",\"potentialAction\":[{\"@type\":\"ReadAction\",\"target\":[\"https:\\\/\\\/www.montmerac.fr\\\/?page_id=4204\"]}]},{\"@type\":\"ImageObject\",\"inLanguage\":\"fr-FR\",\"@id\":\"https:\\\/\\\/www.montmerac.fr\\\/?page_id=4204#primaryimage\",\"url\":\"https:\\\/\\\/www.montmerac.fr\\\/wp-content\\\/uploads\\\/2021\\\/01\\\/carte-grise.jpg\",\"contentUrl\":\"https:\\\/\\\/www.montmerac.fr\\\/wp-content\\\/uploads\\\/2021\\\/01\\\/carte-grise.jpg\",\"width\":851,\"height\":1208},{\"@type\":\"BreadcrumbList\",\"@id\":\"https:\\\/\\\/www.montmerac.fr\\\/?page_id=4204#breadcrumb\",\"itemListElement\":[{\"@type\":\"ListItem\",\"position\":1,\"name\":\"Accueil\",\"item\":\"https:\\\/\\\/www.montmerac.fr\\\/\"},{\"@type\":\"ListItem\",\"position\":2,\"name\":\"D\u00e9marches administratives\"}]},{\"@type\":\"WebSite\",\"@id\":\"https:\\\/\\\/www.montmerac.fr\\\/#website\",\"url\":\"https:\\\/\\\/www.montmerac.fr\\\/\",\"name\":\"Montm\u00e9rac\",\"description\":\"\",\"publisher\":{\"@id\":\"https:\\\/\\\/www.montmerac.fr\\\/#organization\"},\"potentialAction\":[{\"@type\":\"SearchAction\",\"target\":{\"@type\":\"EntryPoint\",\"urlTemplate\":\"https:\\\/\\\/www.montmerac.fr\\\/?s={search_term_string}\"},\"query-input\":{\"@type\":\"PropertyValueSpecification\",\"valueRequired\":true,\"valueName\":\"search_term_string\"}}],\"inLanguage\":\"fr-FR\"},{\"@type\":\"Organization\",\"@id\":\"https:\\\/\\\/www.montmerac.fr\\\/#organization\",\"name\":\"Montm\u00e9rac\",\"url\":\"https:\\\/\\\/www.montmerac.fr\\\/\",\"logo\":{\"@type\":\"ImageObject\",\"inLanguage\":\"fr-FR\",\"@id\":\"https:\\\/\\\/www.montmerac.fr\\\/#\\\/schema\\\/logo\\\/image\\\/\",\"url\":\"https:\\\/\\\/www.montmerac.fr\\\/wp-content\\\/uploads\\\/2026\\\/04\\\/cropped-cropped-logo_150-1.jpg\",\"contentUrl\":\"https:\\\/\\\/www.montmerac.fr\\\/wp-content\\\/uploads\\\/2026\\\/04\\\/cropped-cropped-logo_150-1.jpg\",\"width\":150,\"height\":89,\"caption\":\"Montm\u00e9rac\"},\"image\":{\"@id\":\"https:\\\/\\\/www.montmerac.fr\\\/#\\\/schema\\\/logo\\\/image\\\/\"}}]}<\/script>\n<!-- \/ Yoast SEO plugin. -->","yoast_head_json":{"title":"D\u00e9marches administratives - Montm\u00e9rac","robots":{"index":"index","follow":"follow","max-snippet":"max-snippet:-1","max-image-preview":"max-image-preview:large","max-video-preview":"max-video-preview:-1"},"canonical":"https:\/\/www.montmerac.fr\/?page_id=4204","og_locale":"fr_FR","og_type":"article","og_title":"D\u00e9marches administratives - Montm\u00e9rac","og_description":"Les formalit\u00e9s de demande de certificat d\u2019immatriculation, anciennement appel\u00e9 \u00ab carte-grise \u00bb, se font uniquement en ligne. Il est possible de les faire: Pour conna\u00eetre le co\u00fbt moyen d&rsquo;une carte grise et se mettre \u00e0 l&rsquo;abri des arnaques, vous pouvez","og_url":"https:\/\/www.montmerac.fr\/?page_id=4204","og_site_name":"Montm\u00e9rac","article_modified_time":"2026-05-05T14:00:34+00:00","og_image":[{"width":851,"height":1208,"url":"https:\/\/www.montmerac.fr\/wp-content\/uploads\/2021\/01\/carte-grise.jpg","type":"image\/jpeg"}],"twitter_card":"summary_large_image","twitter_misc":{"Dur\u00e9e de lecture estim\u00e9e":"1 minute"},"schema":{"@context":"https:\/\/schema.org","@graph":[{"@type":"WebPage","@id":"https:\/\/www.montmerac.fr\/?page_id=4204","url":"https:\/\/www.montmerac.fr\/?page_id=4204","name":"D\u00e9marches administratives - Montm\u00e9rac","isPartOf":{"@id":"https:\/\/www.montmerac.fr\/#website"},"primaryImageOfPage":{"@id":"https:\/\/www.montmerac.fr\/?page_id=4204#primaryimage"},"image":{"@id":"https:\/\/www.montmerac.fr\/?page_id=4204#primaryimage"},"thumbnailUrl":"https:\/\/www.montmerac.fr\/wp-content\/uploads\/2021\/01\/carte-grise-211x300.jpg","datePublished":"2026-05-04T08:10:26+00:00","dateModified":"2026-05-05T14:00:34+00:00","breadcrumb":{"@id":"https:\/\/www.montmerac.fr\/?page_id=4204#breadcrumb"},"inLanguage":"fr-FR","potentialAction":[{"@type":"ReadAction","target":["https:\/\/www.montmerac.fr\/?page_id=4204"]}]},{"@type":"ImageObject","inLanguage":"fr-FR","@id":"https:\/\/www.montmerac.fr\/?page_id=4204#primaryimage","url":"https:\/\/www.montmerac.fr\/wp-content\/uploads\/2021\/01\/carte-grise.jpg","contentUrl":"https:\/\/www.montmerac.fr\/wp-content\/uploads\/2021\/01\/carte-grise.jpg","width":851,"height":1208},{"@type":"BreadcrumbList","@id":"https:\/\/www.montmerac.fr\/?page_id=4204#breadcrumb","itemListElement":[{"@type":"ListItem","position":1,"name":"Accueil","item":"https:\/\/www.montmerac.fr\/"},{"@type":"ListItem","position":2,"name":"D\u00e9marches administratives"}]},{"@type":"WebSite","@id":"https:\/\/www.montmerac.fr\/#website","url":"https:\/\/www.montmerac.fr\/","name":"Montm\u00e9rac","description":"","publisher":{"@id":"https:\/\/www.montmerac.fr\/#organization"},"potentialAction":[{"@type":"SearchAction","target":{"@type":"EntryPoint","urlTemplate":"https:\/\/www.montmerac.fr\/?s={search_term_string}"},"query-input":{"@type":"PropertyValueSpecification","valueRequired":true,"valueName":"search_term_string"}}],"inLanguage":"fr-FR"},{"@type":"Organization","@id":"https:\/\/www.montmerac.fr\/#organization","name":"Montm\u00e9rac","url":"https:\/\/www.montmerac.fr\/","logo":{"@type":"ImageObject","inLanguage":"fr-FR","@id":"https:\/\/www.montmerac.fr\/#\/schema\/logo\/image\/","url":"https:\/\/www.montmerac.fr\/wp-content\/uploads\/2026\/04\/cropped-cropped-logo_150-1.jpg","contentUrl":"https:\/\/www.montmerac.fr\/wp-content\/uploads\/2026\/04\/cropped-cropped-logo_150-1.jpg","width":150,"height":89,"caption":"Montm\u00e9rac"},"image":{"@id":"https:\/\/www.montmerac.fr\/#\/schema\/logo\/image\/"}}]}},"_links":{"self":[{"href":"https:\/\/www.montmerac.fr\/index.php?rest_route=\/wp\/v2\/pages\/4204","targetHints":{"allow":["GET"]}}],"collection":[{"href":"https:\/\/www.montmerac.fr\/index.php?rest_route=\/wp\/v2\/pages"}],"about":[{"href":"https:\/\/www.montmerac.fr\/index.php?rest_route=\/wp\/v2\/types\/page"}],"author":[{"embeddable":true,"href":"https:\/\/www.montmerac.fr\/index.php?rest_route=\/wp\/v2\/users\/6"}],"replies":[{"embeddable":true,"href":"https:\/\/www.montmerac.fr\/index.php?rest_route=%2Fwp%2Fv2%2Fcomments&post=4204"}],"version-history":[{"count":3,"href":"https:\/\/www.montmerac.fr\/index.php?rest_route=\/wp\/v2\/pages\/4204\/revisions"}],"predecessor-version":[{"id":4207,"href":"https:\/\/www.montmerac.fr\/index.php?rest_route=\/wp\/v2\/pages\/4204\/revisions\/4207"}],"wp:attachment":[{"href":"https:\/\/www.montmerac.fr\/index.php?rest_route=%2Fwp%2Fv2%2Fmedia&parent=4204"}],"curies":[{"name":"wp","href":"https:\/\/api.w.org\/{rel}","templated":true}]}}