{"id":4146,"date":"2026-05-03T12:32:03","date_gmt":"2026-05-03T11:32:03","guid":{"rendered":"https:\/\/www.montmerac.fr\/?page_id=4146"},"modified":"2026-05-03T12:32:04","modified_gmt":"2026-05-03T11:32:04","slug":"petite-enfance","status":"publish","type":"page","link":"https:\/\/www.montmerac.fr\/?page_id=4146","title":{"rendered":"Petite enfance"},"content":{"rendered":"\n<p class=\"has-text-align-center\"><strong>Assistantes maternelles<\/strong><\/p>\n\n\n\n<p><strong>Secteur Lam\u00e9rac:<\/strong><\/p>\n\n\n\n<p class=\"has-text-align-center\"><strong>GOY Cyrielle<\/strong><br>LES TERRAGES<br>16300 LAMERAC<br>05 45 78 69 06<\/p>\n\n\n\n<p class=\"has-text-align-center\"><strong>\u200bPATRAT Cindy<\/strong><br>LES TERRAGES<br>16300 LAMERAC<br>05 45 78 65 13<\/p>\n\n\n\n<p><strong>Secteur Montchaude:<\/strong><\/p>\n\n\n\n<p class=\"has-text-align-center\"><strong>\u200bCHARLES Clara<\/strong><br>CHAMPS DES DOUX<br>16300 MONTCHAUDE<br>05 16 38 80 53<\/p>\n\n\n\n<p class=\"has-text-align-center\"><strong>\u200bCHARRIER Raymonde<\/strong><br>PLANTIER DE BELAIR<br>16300 MONTCHAUDE<br>05 45 78 13 93<\/p>\n\n\n\n<p class=\"has-text-align-center\"><strong>\u200bLOCATELLI Clara<\/strong><br>CHAMPS DES DOUX<br>16300 MONTCHAUDE<br>05 16 38 80 53<\/p>\n\n\n\n<p class=\"has-text-align-center\"><strong>\u200bBONIFET Corinne<\/strong><br>PLANTIER DE BELAIR<br>16300 MONTCHAUDE<br>05 45 98 79 56<\/p>\n\n\n\n<p class=\"has-text-align-center\"><strong>\u200bMAZZER Patricia<\/strong><br>CHEZ GUINOT<br>16300 MONTCHAUDE<br>06 88 01 36 48&nbsp;<\/p>\n\n\n\n<p><\/p>\n","protected":false},"excerpt":{"rendered":"<p>Assistantes maternelles Secteur Lam\u00e9rac: GOY CyrielleLES TERRAGES16300 LAMERAC05 45 78 69 06 \u200bPATRAT CindyLES TERRAGES16300 LAMERAC05 45 78 65 13 Secteur Montchaude: \u200bCHARLES ClaraCHAMPS DES DOUX16300 MONTCHAUDE05 16 38 80 53 \u200bCHARRIER RaymondePLANTIER DE BELAIR16300 MONTCHAUDE05 45 78 13 93<\/p>\n","protected":false},"author":6,"featured_media":0,"parent":0,"menu_order":0,"comment_status":"closed","ping_status":"closed","template":"","meta":{"ngg_post_thumbnail":0,"footnotes":""},"class_list":["post-4146","page","type-page","status-publish","hentry"],"yoast_head":"<!-- This site is optimized with the Yoast SEO plugin v27.4 - https:\/\/yoast.com\/product\/yoast-seo-wordpress\/ -->\n<title>Petite enfance - Montm\u00e9rac<\/title>\n<meta name=\"robots\" content=\"index, follow, max-snippet:-1, max-image-preview:large, max-video-preview:-1\" \/>\n<link rel=\"canonical\" href=\"https:\/\/www.montmerac.fr\/?page_id=4146\" \/>\n<meta property=\"og:locale\" content=\"fr_FR\" \/>\n<meta property=\"og:type\" content=\"article\" \/>\n<meta property=\"og:title\" content=\"Petite enfance - Montm\u00e9rac\" \/>\n<meta property=\"og:description\" content=\"Assistantes maternelles Secteur Lam\u00e9rac: GOY CyrielleLES TERRAGES16300 LAMERAC05 45 78 69 06 \u200bPATRAT CindyLES TERRAGES16300 LAMERAC05 45 78 65 13 Secteur Montchaude: \u200bCHARLES ClaraCHAMPS DES DOUX16300 MONTCHAUDE05 16 38 80 53 \u200bCHARRIER RaymondePLANTIER DE BELAIR16300 MONTCHAUDE05 45 78 13 93\" \/>\n<meta property=\"og:url\" content=\"https:\/\/www.montmerac.fr\/?page_id=4146\" \/>\n<meta property=\"og:site_name\" content=\"Montm\u00e9rac\" \/>\n<meta property=\"article:modified_time\" content=\"2026-05-03T11:32:04+00:00\" \/>\n<meta name=\"twitter:card\" content=\"summary_large_image\" \/>\n<meta name=\"twitter:label1\" content=\"Dur\u00e9e de lecture estim\u00e9e\" \/>\n\t<meta name=\"twitter:data1\" content=\"1 minute\" \/>\n<script type=\"application\/ld+json\" class=\"yoast-schema-graph\">{\"@context\":\"https:\\\/\\\/schema.org\",\"@graph\":[{\"@type\":\"WebPage\",\"@id\":\"https:\\\/\\\/www.montmerac.fr\\\/?page_id=4146\",\"url\":\"https:\\\/\\\/www.montmerac.fr\\\/?page_id=4146\",\"name\":\"Petite enfance - Montm\u00e9rac\",\"isPartOf\":{\"@id\":\"https:\\\/\\\/www.montmerac.fr\\\/#website\"},\"datePublished\":\"2026-05-03T11:32:03+00:00\",\"dateModified\":\"2026-05-03T11:32:04+00:00\",\"breadcrumb\":{\"@id\":\"https:\\\/\\\/www.montmerac.fr\\\/?page_id=4146#breadcrumb\"},\"inLanguage\":\"fr-FR\",\"potentialAction\":[{\"@type\":\"ReadAction\",\"target\":[\"https:\\\/\\\/www.montmerac.fr\\\/?page_id=4146\"]}]},{\"@type\":\"BreadcrumbList\",\"@id\":\"https:\\\/\\\/www.montmerac.fr\\\/?page_id=4146#breadcrumb\",\"itemListElement\":[{\"@type\":\"ListItem\",\"position\":1,\"name\":\"Accueil\",\"item\":\"https:\\\/\\\/www.montmerac.fr\\\/\"},{\"@type\":\"ListItem\",\"position\":2,\"name\":\"Petite enfance\"}]},{\"@type\":\"WebSite\",\"@id\":\"https:\\\/\\\/www.montmerac.fr\\\/#website\",\"url\":\"https:\\\/\\\/www.montmerac.fr\\\/\",\"name\":\"Montm\u00e9rac\",\"description\":\"\",\"publisher\":{\"@id\":\"https:\\\/\\\/www.montmerac.fr\\\/#organization\"},\"potentialAction\":[{\"@type\":\"SearchAction\",\"target\":{\"@type\":\"EntryPoint\",\"urlTemplate\":\"https:\\\/\\\/www.montmerac.fr\\\/?s={search_term_string}\"},\"query-input\":{\"@type\":\"PropertyValueSpecification\",\"valueRequired\":true,\"valueName\":\"search_term_string\"}}],\"inLanguage\":\"fr-FR\"},{\"@type\":\"Organization\",\"@id\":\"https:\\\/\\\/www.montmerac.fr\\\/#organization\",\"name\":\"Montm\u00e9rac\",\"url\":\"https:\\\/\\\/www.montmerac.fr\\\/\",\"logo\":{\"@type\":\"ImageObject\",\"inLanguage\":\"fr-FR\",\"@id\":\"https:\\\/\\\/www.montmerac.fr\\\/#\\\/schema\\\/logo\\\/image\\\/\",\"url\":\"https:\\\/\\\/www.montmerac.fr\\\/wp-content\\\/uploads\\\/2026\\\/04\\\/cropped-cropped-logo_150-1.jpg\",\"contentUrl\":\"https:\\\/\\\/www.montmerac.fr\\\/wp-content\\\/uploads\\\/2026\\\/04\\\/cropped-cropped-logo_150-1.jpg\",\"width\":150,\"height\":89,\"caption\":\"Montm\u00e9rac\"},\"image\":{\"@id\":\"https:\\\/\\\/www.montmerac.fr\\\/#\\\/schema\\\/logo\\\/image\\\/\"}}]}<\/script>\n<!-- \/ Yoast SEO plugin. -->","yoast_head_json":{"title":"Petite enfance - Montm\u00e9rac","robots":{"index":"index","follow":"follow","max-snippet":"max-snippet:-1","max-image-preview":"max-image-preview:large","max-video-preview":"max-video-preview:-1"},"canonical":"https:\/\/www.montmerac.fr\/?page_id=4146","og_locale":"fr_FR","og_type":"article","og_title":"Petite enfance - Montm\u00e9rac","og_description":"Assistantes maternelles Secteur Lam\u00e9rac: GOY CyrielleLES TERRAGES16300 LAMERAC05 45 78 69 06 \u200bPATRAT CindyLES TERRAGES16300 LAMERAC05 45 78 65 13 Secteur Montchaude: \u200bCHARLES ClaraCHAMPS DES DOUX16300 MONTCHAUDE05 16 38 80 53 \u200bCHARRIER RaymondePLANTIER DE BELAIR16300 MONTCHAUDE05 45 78 13 93","og_url":"https:\/\/www.montmerac.fr\/?page_id=4146","og_site_name":"Montm\u00e9rac","article_modified_time":"2026-05-03T11:32:04+00:00","twitter_card":"summary_large_image","twitter_misc":{"Dur\u00e9e de lecture estim\u00e9e":"1 minute"},"schema":{"@context":"https:\/\/schema.org","@graph":[{"@type":"WebPage","@id":"https:\/\/www.montmerac.fr\/?page_id=4146","url":"https:\/\/www.montmerac.fr\/?page_id=4146","name":"Petite enfance - Montm\u00e9rac","isPartOf":{"@id":"https:\/\/www.montmerac.fr\/#website"},"datePublished":"2026-05-03T11:32:03+00:00","dateModified":"2026-05-03T11:32:04+00:00","breadcrumb":{"@id":"https:\/\/www.montmerac.fr\/?page_id=4146#breadcrumb"},"inLanguage":"fr-FR","potentialAction":[{"@type":"ReadAction","target":["https:\/\/www.montmerac.fr\/?page_id=4146"]}]},{"@type":"BreadcrumbList","@id":"https:\/\/www.montmerac.fr\/?page_id=4146#breadcrumb","itemListElement":[{"@type":"ListItem","position":1,"name":"Accueil","item":"https:\/\/www.montmerac.fr\/"},{"@type":"ListItem","position":2,"name":"Petite enfance"}]},{"@type":"WebSite","@id":"https:\/\/www.montmerac.fr\/#website","url":"https:\/\/www.montmerac.fr\/","name":"Montm\u00e9rac","description":"","publisher":{"@id":"https:\/\/www.montmerac.fr\/#organization"},"potentialAction":[{"@type":"SearchAction","target":{"@type":"EntryPoint","urlTemplate":"https:\/\/www.montmerac.fr\/?s={search_term_string}"},"query-input":{"@type":"PropertyValueSpecification","valueRequired":true,"valueName":"search_term_string"}}],"inLanguage":"fr-FR"},{"@type":"Organization","@id":"https:\/\/www.montmerac.fr\/#organization","name":"Montm\u00e9rac","url":"https:\/\/www.montmerac.fr\/","logo":{"@type":"ImageObject","inLanguage":"fr-FR","@id":"https:\/\/www.montmerac.fr\/#\/schema\/logo\/image\/","url":"https:\/\/www.montmerac.fr\/wp-content\/uploads\/2026\/04\/cropped-cropped-logo_150-1.jpg","contentUrl":"https:\/\/www.montmerac.fr\/wp-content\/uploads\/2026\/04\/cropped-cropped-logo_150-1.jpg","width":150,"height":89,"caption":"Montm\u00e9rac"},"image":{"@id":"https:\/\/www.montmerac.fr\/#\/schema\/logo\/image\/"}}]}},"_links":{"self":[{"href":"https:\/\/www.montmerac.fr\/index.php?rest_route=\/wp\/v2\/pages\/4146","targetHints":{"allow":["GET"]}}],"collection":[{"href":"https:\/\/www.montmerac.fr\/index.php?rest_route=\/wp\/v2\/pages"}],"about":[{"href":"https:\/\/www.montmerac.fr\/index.php?rest_route=\/wp\/v2\/types\/page"}],"author":[{"embeddable":true,"href":"https:\/\/www.montmerac.fr\/index.php?rest_route=\/wp\/v2\/users\/6"}],"replies":[{"embeddable":true,"href":"https:\/\/www.montmerac.fr\/index.php?rest_route=%2Fwp%2Fv2%2Fcomments&post=4146"}],"version-history":[{"count":1,"href":"https:\/\/www.montmerac.fr\/index.php?rest_route=\/wp\/v2\/pages\/4146\/revisions"}],"predecessor-version":[{"id":4147,"href":"https:\/\/www.montmerac.fr\/index.php?rest_route=\/wp\/v2\/pages\/4146\/revisions\/4147"}],"wp:attachment":[{"href":"https:\/\/www.montmerac.fr\/index.php?rest_route=%2Fwp%2Fv2%2Fmedia&parent=4146"}],"curies":[{"name":"wp","href":"https:\/\/api.w.org\/{rel}","templated":true}]}}