{"id":3654,"date":"2024-04-10T09:08:19","date_gmt":"2024-04-10T08:08:19","guid":{"rendered":"https:\/\/www.montmerac.fr\/?page_id=3654"},"modified":"2026-05-04T09:05:19","modified_gmt":"2026-05-04T08:05:19","slug":"lapeirousia","status":"publish","type":"page","link":"https:\/\/www.montmerac.fr\/?page_id=3654","title":{"rendered":"LAPEIROUSIA"},"content":{"rendered":"<p><img loading=\"lazy\" decoding=\"async\" class=\"size-medium wp-image-3664 aligncenter\" src=\"https:\/\/www.montmerac.fr\/wp-content\/uploads\/2024\/04\/IMG_6097-300x225.jpeg\" alt=\"\" width=\"300\" height=\"225\" srcset=\"https:\/\/www.montmerac.fr\/wp-content\/uploads\/2024\/04\/IMG_6097-300x225.jpeg 300w, https:\/\/www.montmerac.fr\/wp-content\/uploads\/2024\/04\/IMG_6097-768x576.jpeg 768w, https:\/\/www.montmerac.fr\/wp-content\/uploads\/2024\/04\/IMG_6097-1024x768.jpeg 1024w, https:\/\/www.montmerac.fr\/wp-content\/uploads\/2024\/04\/IMG_6097-600x450.jpeg 600w\" sizes=\"auto, (max-width: 300px) 100vw, 300px\" \/><\/p>\n<p><img loading=\"lazy\" decoding=\"async\" class=\"alignnone wp-image-3658  aligncenter\" src=\"https:\/\/www.montmerac.fr\/wp-content\/uploads\/2024\/04\/FOSSILE-e1712738706148-300x218.jpg\" alt=\"\" width=\"427\" height=\"310\" srcset=\"https:\/\/www.montmerac.fr\/wp-content\/uploads\/2024\/04\/FOSSILE-e1712738706148-300x218.jpg 300w, https:\/\/www.montmerac.fr\/wp-content\/uploads\/2024\/04\/FOSSILE-e1712738706148-768x558.jpg 768w, https:\/\/www.montmerac.fr\/wp-content\/uploads\/2024\/04\/FOSSILE-e1712738706148-1024x745.jpg 1024w, https:\/\/www.montmerac.fr\/wp-content\/uploads\/2024\/04\/FOSSILE-e1712738706148-600x436.jpg 600w, https:\/\/www.montmerac.fr\/wp-content\/uploads\/2024\/04\/FOSSILE-e1712738706148.jpg 1667w\" sizes=\"auto, (max-width: 427px) 100vw, 427px\" \/><\/p>\n<p><img loading=\"lazy\" decoding=\"async\" class=\"wp-image-3663 aligncenter\" src=\"https:\/\/www.montmerac.fr\/wp-content\/uploads\/2024\/04\/IMG_5914-225x300.jpeg\" alt=\"\" width=\"169\" height=\"226\" srcset=\"https:\/\/www.montmerac.fr\/wp-content\/uploads\/2024\/04\/IMG_5914-225x300.jpeg 225w, https:\/\/www.montmerac.fr\/wp-content\/uploads\/2024\/04\/IMG_5914-768x1024.jpeg 768w, https:\/\/www.montmerac.fr\/wp-content\/uploads\/2024\/04\/IMG_5914-600x800.jpeg 600w\" sizes=\"auto, (max-width: 169px) 100vw, 169px\" \/>&nbsp; &nbsp; &nbsp; &nbsp; &nbsp; &nbsp;<img loading=\"lazy\" decoding=\"async\" class=\"alignnone wp-image-3665 aligncenter\" src=\"https:\/\/www.montmerac.fr\/wp-content\/uploads\/2024\/04\/IMG_6031-225x300.jpeg\" alt=\"\" width=\"231\" height=\"308\" srcset=\"https:\/\/www.montmerac.fr\/wp-content\/uploads\/2024\/04\/IMG_6031-225x300.jpeg 225w, https:\/\/www.montmerac.fr\/wp-content\/uploads\/2024\/04\/IMG_6031-768x1024.jpeg 768w, https:\/\/www.montmerac.fr\/wp-content\/uploads\/2024\/04\/IMG_6031-600x800.jpeg 600w\" sizes=\"auto, (max-width: 231px) 100vw, 231px\" \/><\/p>\n<p style=\"text-align: center;\"><a tabindex=\"-1\" href=\"https:\/\/www.montmerac.fr\/wp-content\/uploads\/2024\/04\/Des-fossiles-recycl%C3%A9s-en-briques.pdf\" target=\"_blank\" rel=\"noopener\">montmerac.fr\/\u2026\/Des-fossiles-recycl\u00e9s-en-briques.pdf<\/a><\/p>\n<p>&nbsp;<\/p>\n\n\n<p class=\"has-text-align-left has-text-color has-link-color wp-elements-ef0b51b12efb67a2a3519dce695cd637\" style=\"color:#295a76;padding-top:var(--wp--preset--spacing--20);padding-right:var(--wp--preset--spacing--20);padding-bottom:var(--wp--preset--spacing--20);padding-left:var(--wp--preset--spacing--20);font-size:23px;line-height:1.6\">Remarquables fossiles de la famille des rudistes et form\u00e9s au Cr\u00e9tac\u00e9 sup\u00e9rieur ( campanien) il y a 80 millions d\u2019ann\u00e9es, Lapeirousia Crateriformis ou Lapeirousia Jouanneti selon les auteurs sont particuli\u00e8rement\u00a0pr\u00e9sents \u00e0 Lam\u00e9rac. Abondants, en veines affleurantes ou sortis de Terre suite aux travaux agricoles ou de terrassement ils ont fourni aux ma\u00e7ons, un mat\u00e9riau local et aux jardiniers, des ornements pittoresques. Ainsi sont nombreux murets, granges, bordures et maisons des hameaux alentour qui mettent en valeur ce design original.<\/p>\n\n\n\n<p><\/p>\n","protected":false},"excerpt":{"rendered":"<p>&nbsp; &nbsp; &nbsp; &nbsp; &nbsp; &nbsp; montmerac.fr\/\u2026\/Des-fossiles-recycl\u00e9s-en-briques.pdf &nbsp; Remarquables fossiles de la famille des rudistes et form\u00e9s au Cr\u00e9tac\u00e9 sup\u00e9rieur ( campanien) il y a 80 millions d\u2019ann\u00e9es, Lapeirousia Crateriformis ou Lapeirousia Jouanneti selon les auteurs sont particuli\u00e8rement\u00a0pr\u00e9sents \u00e0 Lam\u00e9rac.<\/p>\n","protected":false},"author":5,"featured_media":0,"parent":0,"menu_order":0,"comment_status":"closed","ping_status":"closed","template":"","meta":{"ngg_post_thumbnail":0,"footnotes":""},"class_list":["post-3654","page","type-page","status-publish","hentry"],"yoast_head":"<!-- This site is optimized with the Yoast SEO plugin v27.4 - https:\/\/yoast.com\/product\/yoast-seo-wordpress\/ -->\n<title>LAPEIROUSIA - Montm\u00e9rac<\/title>\n<meta name=\"robots\" content=\"index, follow, max-snippet:-1, max-image-preview:large, max-video-preview:-1\" \/>\n<link rel=\"canonical\" href=\"https:\/\/www.montmerac.fr\/?page_id=3654\" \/>\n<meta property=\"og:locale\" content=\"fr_FR\" \/>\n<meta property=\"og:type\" content=\"article\" \/>\n<meta property=\"og:title\" content=\"LAPEIROUSIA - Montm\u00e9rac\" \/>\n<meta property=\"og:description\" content=\"&nbsp; &nbsp; &nbsp; &nbsp; &nbsp; &nbsp; montmerac.fr\/\u2026\/Des-fossiles-recycl\u00e9s-en-briques.pdf &nbsp; Remarquables fossiles de la famille des rudistes et form\u00e9s au Cr\u00e9tac\u00e9 sup\u00e9rieur ( campanien) il y a 80 millions d\u2019ann\u00e9es, Lapeirousia Crateriformis ou Lapeirousia Jouanneti selon les auteurs sont particuli\u00e8rement\u00a0pr\u00e9sents \u00e0 Lam\u00e9rac.\" \/>\n<meta property=\"og:url\" content=\"https:\/\/www.montmerac.fr\/?page_id=3654\" \/>\n<meta property=\"og:site_name\" content=\"Montm\u00e9rac\" \/>\n<meta property=\"article:modified_time\" content=\"2026-05-04T08:05:19+00:00\" \/>\n<meta property=\"og:image\" content=\"https:\/\/www.montmerac.fr\/wp-content\/uploads\/2024\/04\/IMG_6097-1024x768.jpeg\" \/>\n\t<meta property=\"og:image:width\" content=\"1024\" \/>\n\t<meta property=\"og:image:height\" content=\"768\" \/>\n\t<meta property=\"og:image:type\" content=\"image\/jpeg\" \/>\n<meta name=\"twitter:card\" content=\"summary_large_image\" \/>\n<meta name=\"twitter:label1\" content=\"Dur\u00e9e de lecture estim\u00e9e\" \/>\n\t<meta name=\"twitter:data1\" content=\"2 minutes\" \/>\n<script type=\"application\/ld+json\" class=\"yoast-schema-graph\">{\"@context\":\"https:\\\/\\\/schema.org\",\"@graph\":[{\"@type\":\"WebPage\",\"@id\":\"https:\\\/\\\/www.montmerac.fr\\\/?page_id=3654\",\"url\":\"https:\\\/\\\/www.montmerac.fr\\\/?page_id=3654\",\"name\":\"LAPEIROUSIA - Montm\u00e9rac\",\"isPartOf\":{\"@id\":\"https:\\\/\\\/www.montmerac.fr\\\/#website\"},\"primaryImageOfPage\":{\"@id\":\"https:\\\/\\\/www.montmerac.fr\\\/?page_id=3654#primaryimage\"},\"image\":{\"@id\":\"https:\\\/\\\/www.montmerac.fr\\\/?page_id=3654#primaryimage\"},\"thumbnailUrl\":\"https:\\\/\\\/www.montmerac.fr\\\/wp-content\\\/uploads\\\/2024\\\/04\\\/IMG_6097-300x225.jpeg\",\"datePublished\":\"2024-04-10T08:08:19+00:00\",\"dateModified\":\"2026-05-04T08:05:19+00:00\",\"breadcrumb\":{\"@id\":\"https:\\\/\\\/www.montmerac.fr\\\/?page_id=3654#breadcrumb\"},\"inLanguage\":\"fr-FR\",\"potentialAction\":[{\"@type\":\"ReadAction\",\"target\":[\"https:\\\/\\\/www.montmerac.fr\\\/?page_id=3654\"]}]},{\"@type\":\"ImageObject\",\"inLanguage\":\"fr-FR\",\"@id\":\"https:\\\/\\\/www.montmerac.fr\\\/?page_id=3654#primaryimage\",\"url\":\"https:\\\/\\\/www.montmerac.fr\\\/wp-content\\\/uploads\\\/2024\\\/04\\\/IMG_6097.jpeg\",\"contentUrl\":\"https:\\\/\\\/www.montmerac.fr\\\/wp-content\\\/uploads\\\/2024\\\/04\\\/IMG_6097.jpeg\",\"width\":4032,\"height\":3024},{\"@type\":\"BreadcrumbList\",\"@id\":\"https:\\\/\\\/www.montmerac.fr\\\/?page_id=3654#breadcrumb\",\"itemListElement\":[{\"@type\":\"ListItem\",\"position\":1,\"name\":\"Accueil\",\"item\":\"https:\\\/\\\/www.montmerac.fr\\\/\"},{\"@type\":\"ListItem\",\"position\":2,\"name\":\"LAPEIROUSIA\"}]},{\"@type\":\"WebSite\",\"@id\":\"https:\\\/\\\/www.montmerac.fr\\\/#website\",\"url\":\"https:\\\/\\\/www.montmerac.fr\\\/\",\"name\":\"Montm\u00e9rac\",\"description\":\"\",\"publisher\":{\"@id\":\"https:\\\/\\\/www.montmerac.fr\\\/#organization\"},\"potentialAction\":[{\"@type\":\"SearchAction\",\"target\":{\"@type\":\"EntryPoint\",\"urlTemplate\":\"https:\\\/\\\/www.montmerac.fr\\\/?s={search_term_string}\"},\"query-input\":{\"@type\":\"PropertyValueSpecification\",\"valueRequired\":true,\"valueName\":\"search_term_string\"}}],\"inLanguage\":\"fr-FR\"},{\"@type\":\"Organization\",\"@id\":\"https:\\\/\\\/www.montmerac.fr\\\/#organization\",\"name\":\"Montm\u00e9rac\",\"url\":\"https:\\\/\\\/www.montmerac.fr\\\/\",\"logo\":{\"@type\":\"ImageObject\",\"inLanguage\":\"fr-FR\",\"@id\":\"https:\\\/\\\/www.montmerac.fr\\\/#\\\/schema\\\/logo\\\/image\\\/\",\"url\":\"https:\\\/\\\/www.montmerac.fr\\\/wp-content\\\/uploads\\\/2026\\\/04\\\/cropped-cropped-logo_150-1.jpg\",\"contentUrl\":\"https:\\\/\\\/www.montmerac.fr\\\/wp-content\\\/uploads\\\/2026\\\/04\\\/cropped-cropped-logo_150-1.jpg\",\"width\":150,\"height\":89,\"caption\":\"Montm\u00e9rac\"},\"image\":{\"@id\":\"https:\\\/\\\/www.montmerac.fr\\\/#\\\/schema\\\/logo\\\/image\\\/\"}}]}<\/script>\n<!-- \/ Yoast SEO plugin. -->","yoast_head_json":{"title":"LAPEIROUSIA - Montm\u00e9rac","robots":{"index":"index","follow":"follow","max-snippet":"max-snippet:-1","max-image-preview":"max-image-preview:large","max-video-preview":"max-video-preview:-1"},"canonical":"https:\/\/www.montmerac.fr\/?page_id=3654","og_locale":"fr_FR","og_type":"article","og_title":"LAPEIROUSIA - Montm\u00e9rac","og_description":"&nbsp; &nbsp; &nbsp; &nbsp; &nbsp; &nbsp; montmerac.fr\/\u2026\/Des-fossiles-recycl\u00e9s-en-briques.pdf &nbsp; Remarquables fossiles de la famille des rudistes et form\u00e9s au Cr\u00e9tac\u00e9 sup\u00e9rieur ( campanien) il y a 80 millions d\u2019ann\u00e9es, Lapeirousia Crateriformis ou Lapeirousia Jouanneti selon les auteurs sont particuli\u00e8rement\u00a0pr\u00e9sents \u00e0 Lam\u00e9rac.","og_url":"https:\/\/www.montmerac.fr\/?page_id=3654","og_site_name":"Montm\u00e9rac","article_modified_time":"2026-05-04T08:05:19+00:00","og_image":[{"width":1024,"height":768,"url":"https:\/\/www.montmerac.fr\/wp-content\/uploads\/2024\/04\/IMG_6097-1024x768.jpeg","type":"image\/jpeg"}],"twitter_card":"summary_large_image","twitter_misc":{"Dur\u00e9e de lecture estim\u00e9e":"2 minutes"},"schema":{"@context":"https:\/\/schema.org","@graph":[{"@type":"WebPage","@id":"https:\/\/www.montmerac.fr\/?page_id=3654","url":"https:\/\/www.montmerac.fr\/?page_id=3654","name":"LAPEIROUSIA - Montm\u00e9rac","isPartOf":{"@id":"https:\/\/www.montmerac.fr\/#website"},"primaryImageOfPage":{"@id":"https:\/\/www.montmerac.fr\/?page_id=3654#primaryimage"},"image":{"@id":"https:\/\/www.montmerac.fr\/?page_id=3654#primaryimage"},"thumbnailUrl":"https:\/\/www.montmerac.fr\/wp-content\/uploads\/2024\/04\/IMG_6097-300x225.jpeg","datePublished":"2024-04-10T08:08:19+00:00","dateModified":"2026-05-04T08:05:19+00:00","breadcrumb":{"@id":"https:\/\/www.montmerac.fr\/?page_id=3654#breadcrumb"},"inLanguage":"fr-FR","potentialAction":[{"@type":"ReadAction","target":["https:\/\/www.montmerac.fr\/?page_id=3654"]}]},{"@type":"ImageObject","inLanguage":"fr-FR","@id":"https:\/\/www.montmerac.fr\/?page_id=3654#primaryimage","url":"https:\/\/www.montmerac.fr\/wp-content\/uploads\/2024\/04\/IMG_6097.jpeg","contentUrl":"https:\/\/www.montmerac.fr\/wp-content\/uploads\/2024\/04\/IMG_6097.jpeg","width":4032,"height":3024},{"@type":"BreadcrumbList","@id":"https:\/\/www.montmerac.fr\/?page_id=3654#breadcrumb","itemListElement":[{"@type":"ListItem","position":1,"name":"Accueil","item":"https:\/\/www.montmerac.fr\/"},{"@type":"ListItem","position":2,"name":"LAPEIROUSIA"}]},{"@type":"WebSite","@id":"https:\/\/www.montmerac.fr\/#website","url":"https:\/\/www.montmerac.fr\/","name":"Montm\u00e9rac","description":"","publisher":{"@id":"https:\/\/www.montmerac.fr\/#organization"},"potentialAction":[{"@type":"SearchAction","target":{"@type":"EntryPoint","urlTemplate":"https:\/\/www.montmerac.fr\/?s={search_term_string}"},"query-input":{"@type":"PropertyValueSpecification","valueRequired":true,"valueName":"search_term_string"}}],"inLanguage":"fr-FR"},{"@type":"Organization","@id":"https:\/\/www.montmerac.fr\/#organization","name":"Montm\u00e9rac","url":"https:\/\/www.montmerac.fr\/","logo":{"@type":"ImageObject","inLanguage":"fr-FR","@id":"https:\/\/www.montmerac.fr\/#\/schema\/logo\/image\/","url":"https:\/\/www.montmerac.fr\/wp-content\/uploads\/2026\/04\/cropped-cropped-logo_150-1.jpg","contentUrl":"https:\/\/www.montmerac.fr\/wp-content\/uploads\/2026\/04\/cropped-cropped-logo_150-1.jpg","width":150,"height":89,"caption":"Montm\u00e9rac"},"image":{"@id":"https:\/\/www.montmerac.fr\/#\/schema\/logo\/image\/"}}]}},"_links":{"self":[{"href":"https:\/\/www.montmerac.fr\/index.php?rest_route=\/wp\/v2\/pages\/3654","targetHints":{"allow":["GET"]}}],"collection":[{"href":"https:\/\/www.montmerac.fr\/index.php?rest_route=\/wp\/v2\/pages"}],"about":[{"href":"https:\/\/www.montmerac.fr\/index.php?rest_route=\/wp\/v2\/types\/page"}],"author":[{"embeddable":true,"href":"https:\/\/www.montmerac.fr\/index.php?rest_route=\/wp\/v2\/users\/5"}],"replies":[{"embeddable":true,"href":"https:\/\/www.montmerac.fr\/index.php?rest_route=%2Fwp%2Fv2%2Fcomments&post=3654"}],"version-history":[{"count":6,"href":"https:\/\/www.montmerac.fr\/index.php?rest_route=\/wp\/v2\/pages\/3654\/revisions"}],"predecessor-version":[{"id":4203,"href":"https:\/\/www.montmerac.fr\/index.php?rest_route=\/wp\/v2\/pages\/3654\/revisions\/4203"}],"wp:attachment":[{"href":"https:\/\/www.montmerac.fr\/index.php?rest_route=%2Fwp%2Fv2%2Fmedia&parent=3654"}],"curies":[{"name":"wp","href":"https:\/\/api.w.org\/{rel}","templated":true}]}}